{"id":27741,"date":"2023-11-03T23:08:29","date_gmt":"2023-11-03T22:08:29","guid":{"rendered":"http:\/\/innocentiemangonipiante.it\/acer-cappadocium-rubrum\/"},"modified":"2023-11-06T17:05:38","modified_gmt":"2023-11-06T16:05:38","slug":"acer-cappadocium-rubrum","status":"publish","type":"product","link":"https:\/\/innocentiemangonipiante.it\/de\/acer-cappadocium-rubrum\/","title":{"rendered":"ACER cappadocium &#8218;Rubrum&#8216;"},"content":{"rendered":"<p>Sommergr\u00fcner breiter Baum mit f\u00fcnf- bis siebenlappigen eif\u00f6rmigen Bl\u00e4ttern, rot im Fr\u00fchjahr, gr\u00fcn im Sommer und gelb-gold im Herbst. Die Rinde ist rot beim neuen Wuchs und gestreift auf dem Stamm.<\/p>\n","protected":false},"excerpt":{"rendered":"<p>Sommergr\u00fcner breiter Baum mit f\u00fcnf- bis siebenlappigen eif\u00f6rmigen Bl\u00e4ttern, rot im Fr\u00fchjahr, gr\u00fcn im Sommer und gelb-gold im Herbst. Die Rinde ist rot beim neuen Wuchs und gestreift auf dem Stamm.<\/p>\n","protected":false},"featured_media":20017,"template":"","meta":{"_acf_changed":false},"product_brand":[],"product_cat":[8813],"product_tag":[10898],"class_list":{"0":"post-27741","1":"product","2":"type-product","3":"status-publish","4":"has-post-thumbnail","6":"product_cat-laubbaume-und-straucher","7":"product_tag-naturlichen","8":"pa_altezza-massima-1000-de-2","9":"pa_altezza-massima-15-meter","10":"pa_colore-delle-foglie-roten","11":"pa_famiglia-aceraceae-de","12":"pa_genere-acer-de","13":"pa_inquinamento-bestaendigkeit-gegen-smog","14":"pa_origine-mitteleuropa","15":"pa_origine-ostasien","16":"pa_portamento-arrotondato-de","17":"pa_resistenza-climatica-sehr-hoch","18":"pa_resistenza-del-suolo-bestandig-gegen-kalkhaltige-boden","19":"pa_resistenza-del-suolo-resistent-gegen-arme-boeden","20":"pa_salinita-bestaendigkeit-in-meeresluft","21":"pa_utilizzo-parks-de","23":"first","24":"instock","25":"purchasable","26":"product-type-simple"},"acf":[],"_links":{"self":[{"href":"https:\/\/innocentiemangonipiante.it\/de\/wp-json\/wp\/v2\/product\/27741","targetHints":{"allow":["GET"]}}],"collection":[{"href":"https:\/\/innocentiemangonipiante.it\/de\/wp-json\/wp\/v2\/product"}],"about":[{"href":"https:\/\/innocentiemangonipiante.it\/de\/wp-json\/wp\/v2\/types\/product"}],"wp:featuredmedia":[{"embeddable":true,"href":"https:\/\/innocentiemangonipiante.it\/de\/wp-json\/wp\/v2\/media\/20017"}],"wp:attachment":[{"href":"https:\/\/innocentiemangonipiante.it\/de\/wp-json\/wp\/v2\/media?parent=27741"}],"wp:term":[{"taxonomy":"product_brand","embeddable":true,"href":"https:\/\/innocentiemangonipiante.it\/de\/wp-json\/wp\/v2\/product_brand?post=27741"},{"taxonomy":"product_cat","embeddable":true,"href":"https:\/\/innocentiemangonipiante.it\/de\/wp-json\/wp\/v2\/product_cat?post=27741"},{"taxonomy":"product_tag","embeddable":true,"href":"https:\/\/innocentiemangonipiante.it\/de\/wp-json\/wp\/v2\/product_tag?post=27741"}],"curies":[{"name":"wp","href":"https:\/\/api.w.org\/{rel}","templated":true}]}}