{"id":27744,"date":"2023-11-03T23:08:46","date_gmt":"2023-11-03T22:08:46","guid":{"rendered":"http:\/\/innocentiemangonipiante.it\/acer-davidii\/"},"modified":"2023-11-06T17:06:07","modified_gmt":"2023-11-06T16:06:07","slug":"acer-davidii","status":"publish","type":"product","link":"https:\/\/innocentiemangonipiante.it\/de\/acer-davidii\/","title":{"rendered":"ACER davidii"},"content":{"rendered":"<p>Sommergr\u00fcner Baum mit gebogenen Zweigen und Gr\u00fcngelb gestreifter Rinde. Eif\u00f6rmige, gr\u00fcne, bis 15 cm lange Bl\u00e4tter, die Orangengelb in Herbst werden, wann die Fr\u00fcchte erscheinen. Herabh\u00e4ngende hellgelbe Bl\u00fctentrauben.<\/p>\n","protected":false},"excerpt":{"rendered":"<p>Sommergr\u00fcner Baum mit gebogenen Zweigen und Gr\u00fcngelb gestreifter Rinde. Eif\u00f6rmige, gr\u00fcne, bis 15 cm lange Bl\u00e4tter, die Orangengelb in Herbst werden, wann die Fr\u00fcchte erscheinen. Herabh\u00e4ngende hellgelbe Bl\u00fctentrauben.<\/p>\n","protected":false},"featured_media":20035,"template":"","meta":{"_acf_changed":false},"product_brand":[],"product_cat":[8813],"product_tag":[10898],"class_list":{"0":"post-27744","1":"product","2":"type-product","3":"status-publish","4":"has-post-thumbnail","6":"product_cat-laubbaume-und-straucher","7":"product_tag-naturlichen","8":"pa_altezza-massima-1000-de-2","9":"pa_altezza-massima-15-meter","10":"pa_famiglia-aceraceae-de","11":"pa_genere-acer-de","12":"pa_origine-china-de","13":"pa_portamento-arrotondato-de","14":"pa_resistenza-climatica-sehr-hoch","15":"pa_utilizzo-parks-de","17":"first","18":"instock","19":"purchasable","20":"product-type-simple"},"acf":[],"_links":{"self":[{"href":"https:\/\/innocentiemangonipiante.it\/de\/wp-json\/wp\/v2\/product\/27744","targetHints":{"allow":["GET"]}}],"collection":[{"href":"https:\/\/innocentiemangonipiante.it\/de\/wp-json\/wp\/v2\/product"}],"about":[{"href":"https:\/\/innocentiemangonipiante.it\/de\/wp-json\/wp\/v2\/types\/product"}],"wp:featuredmedia":[{"embeddable":true,"href":"https:\/\/innocentiemangonipiante.it\/de\/wp-json\/wp\/v2\/media\/20035"}],"wp:attachment":[{"href":"https:\/\/innocentiemangonipiante.it\/de\/wp-json\/wp\/v2\/media?parent=27744"}],"wp:term":[{"taxonomy":"product_brand","embeddable":true,"href":"https:\/\/innocentiemangonipiante.it\/de\/wp-json\/wp\/v2\/product_brand?post=27744"},{"taxonomy":"product_cat","embeddable":true,"href":"https:\/\/innocentiemangonipiante.it\/de\/wp-json\/wp\/v2\/product_cat?post=27744"},{"taxonomy":"product_tag","embeddable":true,"href":"https:\/\/innocentiemangonipiante.it\/de\/wp-json\/wp\/v2\/product_tag?post=27744"}],"curies":[{"name":"wp","href":"https:\/\/api.w.org\/{rel}","templated":true}]}}