{"id":27746,"date":"2023-11-03T23:09:12","date_gmt":"2023-11-03T22:09:12","guid":{"rendered":"http:\/\/innocentiemangonipiante.it\/acer-japonicum-vitifolium\/"},"modified":"2023-11-06T17:06:18","modified_gmt":"2023-11-06T16:06:18","slug":"acer-japonicum-vitifolium","status":"publish","type":"product","link":"https:\/\/innocentiemangonipiante.it\/de\/acer-japonicum-vitifolium\/","title":{"rendered":"ACER japonicum &#8218;Vitifolium&#8216;"},"content":{"rendered":"<p>Abgerundete Sommergr\u00fcner Strauch, mittel-gr\u00fcne Bl\u00e4tter, die in 7-11 Lappen unterteilt sind. Bl\u00e4tter werden im Herbst gelb und rot. Vor den Bl\u00e4ttern erscheinen im fr\u00fchen Fr\u00fchjahr sehr dekorative und kleine violett-roten Bl\u00fcten in h\u00e4ngenden Doldentrauben.<\/p>\n","protected":false},"excerpt":{"rendered":"<p>Abgerundete Sommergr\u00fcner Strauch, mittel-gr\u00fcne Bl\u00e4tter, die in 7-11 Lappen unterteilt sind. Bl\u00e4tter werden im Herbst gelb und rot. Vor den Bl\u00e4ttern erscheinen im fr\u00fchen Fr\u00fchjahr sehr dekorative und kleine violett-roten Bl\u00fcten in h\u00e4ngenden Doldentrauben.<\/p>\n","protected":false},"featured_media":20047,"template":"","meta":{"_acf_changed":false},"product_brand":[],"product_cat":[8813],"product_tag":[10898],"class_list":{"0":"post-27746","1":"product","2":"type-product","3":"status-publish","4":"has-post-thumbnail","6":"product_cat-laubbaume-und-straucher","7":"product_tag-naturlichen","8":"pa_altezza-massima-300-de","9":"pa_altezza-massima-500-de","10":"pa_famiglia-aceraceae-de","11":"pa_genere-acer-de","12":"pa_origine-ostasien","13":"pa_portamento-arrotondato-de","14":"pa_resistenza-climatica-sehr-hoch","15":"pa_utilizzo-kleine-gaerten","17":"first","18":"instock","19":"purchasable","20":"product-type-simple"},"acf":[],"_links":{"self":[{"href":"https:\/\/innocentiemangonipiante.it\/de\/wp-json\/wp\/v2\/product\/27746","targetHints":{"allow":["GET"]}}],"collection":[{"href":"https:\/\/innocentiemangonipiante.it\/de\/wp-json\/wp\/v2\/product"}],"about":[{"href":"https:\/\/innocentiemangonipiante.it\/de\/wp-json\/wp\/v2\/types\/product"}],"wp:featuredmedia":[{"embeddable":true,"href":"https:\/\/innocentiemangonipiante.it\/de\/wp-json\/wp\/v2\/media\/20047"}],"wp:attachment":[{"href":"https:\/\/innocentiemangonipiante.it\/de\/wp-json\/wp\/v2\/media?parent=27746"}],"wp:term":[{"taxonomy":"product_brand","embeddable":true,"href":"https:\/\/innocentiemangonipiante.it\/de\/wp-json\/wp\/v2\/product_brand?post=27746"},{"taxonomy":"product_cat","embeddable":true,"href":"https:\/\/innocentiemangonipiante.it\/de\/wp-json\/wp\/v2\/product_cat?post=27746"},{"taxonomy":"product_tag","embeddable":true,"href":"https:\/\/innocentiemangonipiante.it\/de\/wp-json\/wp\/v2\/product_tag?post=27746"}],"curies":[{"name":"wp","href":"https:\/\/api.w.org\/{rel}","templated":true}]}}