{"id":27767,"date":"2023-11-03T23:14:03","date_gmt":"2023-11-03T22:14:03","guid":{"rendered":"http:\/\/innocentiemangonipiante.it\/acer-palmatum-shishigashira-2\/"},"modified":"2023-11-06T17:09:28","modified_gmt":"2023-11-06T16:09:28","slug":"acer-palmatum-shishigashira","status":"publish","type":"product","link":"https:\/\/innocentiemangonipiante.it\/de\/acer-palmatum-shishigashira\/","title":{"rendered":"ACER palmatum &#8218;Shishigashira&#8216;"},"content":{"rendered":"<p>Aufrechter Wuchs. Kleine gr\u00fcne Bl\u00e4tter mit rosa-cremefarbigen R\u00e4ndern.<\/p>\n","protected":false},"excerpt":{"rendered":"<p>Aufrechter Wuchs. Kleine gr\u00fcne Bl\u00e4tter mit rosa-cremefarbigen R\u00e4ndern.<\/p>\n","protected":false},"featured_media":20143,"template":"","meta":{"_acf_changed":false},"product_brand":[],"product_cat":[8813],"product_tag":[10898],"class_list":{"0":"post-27767","1":"product","2":"type-product","3":"status-publish","4":"has-post-thumbnail","6":"product_cat-laubbaume-und-straucher","7":"product_tag-naturlichen","8":"pa_altezza-massima-500-de","9":"pa_altezza-massima-800-de","10":"pa_colore-delle-foglie-vielfaeltigen","11":"pa_famiglia-aceraceae-de","12":"pa_genere-acer-de","13":"pa_origine-ostasien","14":"pa_portamento-eretto-de","15":"pa_resistenza-climatica-sehr-hoch","16":"pa_utilizzo-kleine-gaerten","17":"pa_utilizzo-parks-de","19":"first","20":"instock","21":"purchasable","22":"product-type-simple"},"acf":[],"_links":{"self":[{"href":"https:\/\/innocentiemangonipiante.it\/de\/wp-json\/wp\/v2\/product\/27767","targetHints":{"allow":["GET"]}}],"collection":[{"href":"https:\/\/innocentiemangonipiante.it\/de\/wp-json\/wp\/v2\/product"}],"about":[{"href":"https:\/\/innocentiemangonipiante.it\/de\/wp-json\/wp\/v2\/types\/product"}],"wp:featuredmedia":[{"embeddable":true,"href":"https:\/\/innocentiemangonipiante.it\/de\/wp-json\/wp\/v2\/media\/20143"}],"wp:attachment":[{"href":"https:\/\/innocentiemangonipiante.it\/de\/wp-json\/wp\/v2\/media?parent=27767"}],"wp:term":[{"taxonomy":"product_brand","embeddable":true,"href":"https:\/\/innocentiemangonipiante.it\/de\/wp-json\/wp\/v2\/product_brand?post=27767"},{"taxonomy":"product_cat","embeddable":true,"href":"https:\/\/innocentiemangonipiante.it\/de\/wp-json\/wp\/v2\/product_cat?post=27767"},{"taxonomy":"product_tag","embeddable":true,"href":"https:\/\/innocentiemangonipiante.it\/de\/wp-json\/wp\/v2\/product_tag?post=27767"}],"curies":[{"name":"wp","href":"https:\/\/api.w.org\/{rel}","templated":true}]}}