{"id":27781,"date":"2023-11-03T23:16:30","date_gmt":"2023-11-03T22:16:30","guid":{"rendered":"http:\/\/innocentiemangonipiante.it\/acer-platanoides-parkway\/"},"modified":"2023-11-06T17:10:59","modified_gmt":"2023-11-06T16:10:59","slug":"acer-platanoides-parkway","status":"publish","type":"product","link":"https:\/\/innocentiemangonipiante.it\/de\/acer-platanoides-parkway\/","title":{"rendered":"ACER platanoides &#8218;Parkway&#8216;"},"content":{"rendered":"<p>&#8218;Parkway\u2018 ist ein s\u00e4ulenf\u00f6rmiger, starkw\u00fcchsiger Ahorn, der f\u00fcr die Verticilliose nicht anf\u00e4llig ist. Passt sich an alle Bodenarten an und vertr\u00e4gt Umweltbelastungen. Sehr geeignet als Alleebaum in der Stadt.<\/p>\n","protected":false},"excerpt":{"rendered":"<p>&#8218;Parkway\u2018 ist ein s\u00e4ulenf\u00f6rmiger, starkw\u00fcchsiger Ahorn, der f\u00fcr die Verticilliose nicht anf\u00e4llig ist. Passt sich an alle Bodenarten an und vertr\u00e4gt Umweltbelastungen. Sehr geeignet als Alleebaum in der Stadt.<\/p>\n","protected":false},"featured_media":20187,"template":"","meta":{"_acf_changed":false},"product_brand":[],"product_cat":[8813],"product_tag":[10898],"class_list":{"0":"post-27781","1":"product","2":"type-product","3":"status-publish","4":"has-post-thumbnail","6":"product_cat-laubbaume-und-straucher","7":"product_tag-naturlichen","8":"pa_altezza-massima-1000-de-2","9":"pa_altezza-massima-15-meter","10":"pa_famiglia-aceraceae-de","11":"pa_genere-acer-de","12":"pa_inquinamento-bestaendigkeit-gegen-smog","13":"pa_origine-deutschland","14":"pa_portamento-saulenformig","15":"pa_resistenza-climatica-sehr-hoch","16":"pa_resistenza-del-suolo-bestandig-gegen-kalkhaltige-boden","17":"pa_resistenza-del-suolo-bestandigkeit-auf-feuchten-boden","18":"pa_salinita-bestaendigkeit-in-meeresluft","19":"pa_utilizzo-alleen","21":"first","22":"instock","23":"purchasable","24":"product-type-simple"},"acf":[],"_links":{"self":[{"href":"https:\/\/innocentiemangonipiante.it\/de\/wp-json\/wp\/v2\/product\/27781","targetHints":{"allow":["GET"]}}],"collection":[{"href":"https:\/\/innocentiemangonipiante.it\/de\/wp-json\/wp\/v2\/product"}],"about":[{"href":"https:\/\/innocentiemangonipiante.it\/de\/wp-json\/wp\/v2\/types\/product"}],"wp:featuredmedia":[{"embeddable":true,"href":"https:\/\/innocentiemangonipiante.it\/de\/wp-json\/wp\/v2\/media\/20187"}],"wp:attachment":[{"href":"https:\/\/innocentiemangonipiante.it\/de\/wp-json\/wp\/v2\/media?parent=27781"}],"wp:term":[{"taxonomy":"product_brand","embeddable":true,"href":"https:\/\/innocentiemangonipiante.it\/de\/wp-json\/wp\/v2\/product_brand?post=27781"},{"taxonomy":"product_cat","embeddable":true,"href":"https:\/\/innocentiemangonipiante.it\/de\/wp-json\/wp\/v2\/product_cat?post=27781"},{"taxonomy":"product_tag","embeddable":true,"href":"https:\/\/innocentiemangonipiante.it\/de\/wp-json\/wp\/v2\/product_tag?post=27781"}],"curies":[{"name":"wp","href":"https:\/\/api.w.org\/{rel}","templated":true}]}}