{"id":27782,"date":"2023-11-03T23:16:43","date_gmt":"2023-11-03T22:16:43","guid":{"rendered":"http:\/\/innocentiemangonipiante.it\/acer-platanoides-royal-red\/"},"modified":"2023-11-06T17:11:28","modified_gmt":"2023-11-06T16:11:28","slug":"acer-platanoides-royal-red","status":"publish","type":"product","link":"https:\/\/innocentiemangonipiante.it\/de\/acer-platanoides-royal-red\/","title":{"rendered":"ACER platanoides &#8218;Royal Red&#8216;"},"content":{"rendered":"<p>Sommergr\u00fcner Baum mit breit-kegelf\u00f6rmigem oder rundem Wuchs. Das Blatt ist leuchtend purpurrotfarbig. Sehr starkw\u00fcchsig.<\/p>\n","protected":false},"excerpt":{"rendered":"<p>Sommergr\u00fcner Baum mit breit-kegelf\u00f6rmigem oder rundem Wuchs. Das Blatt ist leuchtend purpurrotfarbig. Sehr starkw\u00fcchsig.<\/p>\n","protected":false},"featured_media":20193,"template":"","meta":{"_acf_changed":false},"product_brand":[],"product_cat":[8813,9231],"product_tag":[10898],"class_list":{"0":"post-27782","1":"product","2":"type-product","3":"status-publish","4":"has-post-thumbnail","6":"product_cat-laubbaume-und-straucher","7":"product_cat-baume-und-pflanzen-der-zukunft","8":"product_tag-naturlichen","9":"pa_altezza-massima-15-meter","10":"pa_altezza-massima-20-meter","11":"pa_colore-delle-foglie-roten","12":"pa_famiglia-aceraceae-de","13":"pa_genere-acer-de","14":"pa_inquinamento-bestaendigkeit-gegen-smog","15":"pa_origine-u-s-a","16":"pa_portamento-piramidale-de","17":"pa_resistenza-climatica-sehr-hoch","18":"pa_resistenza-del-suolo-bestandig-gegen-kalkhaltige-boden","19":"pa_resistenza-del-suolo-bestandigkeit-auf-feuchten-boden","20":"pa_salinita-bestaendigkeit-in-meeresluft","21":"pa_utilizzo-alleen","22":"pa_utilizzo-parks-de","24":"first","25":"instock","26":"purchasable","27":"product-type-simple"},"acf":[],"_links":{"self":[{"href":"https:\/\/innocentiemangonipiante.it\/de\/wp-json\/wp\/v2\/product\/27782","targetHints":{"allow":["GET"]}}],"collection":[{"href":"https:\/\/innocentiemangonipiante.it\/de\/wp-json\/wp\/v2\/product"}],"about":[{"href":"https:\/\/innocentiemangonipiante.it\/de\/wp-json\/wp\/v2\/types\/product"}],"wp:featuredmedia":[{"embeddable":true,"href":"https:\/\/innocentiemangonipiante.it\/de\/wp-json\/wp\/v2\/media\/20193"}],"wp:attachment":[{"href":"https:\/\/innocentiemangonipiante.it\/de\/wp-json\/wp\/v2\/media?parent=27782"}],"wp:term":[{"taxonomy":"product_brand","embeddable":true,"href":"https:\/\/innocentiemangonipiante.it\/de\/wp-json\/wp\/v2\/product_brand?post=27782"},{"taxonomy":"product_cat","embeddable":true,"href":"https:\/\/innocentiemangonipiante.it\/de\/wp-json\/wp\/v2\/product_cat?post=27782"},{"taxonomy":"product_tag","embeddable":true,"href":"https:\/\/innocentiemangonipiante.it\/de\/wp-json\/wp\/v2\/product_tag?post=27782"}],"curies":[{"name":"wp","href":"https:\/\/api.w.org\/{rel}","templated":true}]}}