{"id":27788,"date":"2023-11-03T23:18:26","date_gmt":"2023-11-03T22:18:26","guid":{"rendered":"http:\/\/innocentiemangonipiante.it\/acer-saccharinum-lancinatum-wieri-2\/"},"modified":"2023-11-06T17:12:18","modified_gmt":"2023-11-06T16:12:18","slug":"acer-saccharinum-lancinatum-wieri","status":"publish","type":"product","link":"https:\/\/innocentiemangonipiante.it\/de\/acer-saccharinum-lancinatum-wieri\/","title":{"rendered":"ACER saccharinum &#8218;Lancinatum Wieri&#8216;"},"content":{"rendered":"<p>Haupteigenschaften wie bei A. saccharinum, Die Bl\u00e4tter sind fein geschlizt, f\u00fcnflappig, fast fadenf\u00f6rmig, hellgr\u00fcn auf der Oberseite und silbrig-wei\u00df auf der Unterseite und werden im Herbst goldgelb. \u00dcberlebt auch unter sehr schwierigen Umst\u00e4nden und armen B\u00f6den, unter Bedingung dass es genug Wachstumsraum gebe.<\/p>\n","protected":false},"excerpt":{"rendered":"<p>Haupteigenschaften wie bei A. saccharinum, Die Bl\u00e4tter sind fein geschlizt, f\u00fcnflappig, fast fadenf\u00f6rmig, hellgr\u00fcn auf der Oberseite und silbrig-wei\u00df auf der Unterseite und werden im Herbst goldgelb. \u00dcberlebt auch unter sehr schwierigen Umst\u00e4nden und armen B\u00f6den, unter Bedingung dass es genug Wachstumsraum gebe.<\/p>\n","protected":false},"featured_media":20209,"template":"","meta":{"_acf_changed":false},"product_brand":[],"product_cat":[8813],"product_tag":[10898],"class_list":{"0":"post-27788","1":"product","2":"type-product","3":"status-publish","4":"has-post-thumbnail","6":"product_cat-laubbaume-und-straucher","7":"product_tag-naturlichen","8":"pa_altezza-massima-15-meter","9":"pa_altezza-massima-25-meter","10":"pa_famiglia-aceraceae-de","11":"pa_genere-acer-de","12":"pa_inquinamento-bestaendigkeit-gegen-smog","13":"pa_origine-u-s-a","14":"pa_portamento-arrotondato-de","15":"pa_resistenza-climatica-sehr-hoch","16":"pa_resistenza-del-suolo-bestandig-gegen-trockene-boden","17":"pa_resistenza-del-suolo-bestandigkeit-auf-feuchten-boden","18":"pa_resistenza-del-suolo-resistent-gegen-arme-boeden","19":"pa_utilizzo-parks-de","21":"first","22":"instock","23":"purchasable","24":"product-type-simple"},"acf":[],"_links":{"self":[{"href":"https:\/\/innocentiemangonipiante.it\/de\/wp-json\/wp\/v2\/product\/27788","targetHints":{"allow":["GET"]}}],"collection":[{"href":"https:\/\/innocentiemangonipiante.it\/de\/wp-json\/wp\/v2\/product"}],"about":[{"href":"https:\/\/innocentiemangonipiante.it\/de\/wp-json\/wp\/v2\/types\/product"}],"wp:featuredmedia":[{"embeddable":true,"href":"https:\/\/innocentiemangonipiante.it\/de\/wp-json\/wp\/v2\/media\/20209"}],"wp:attachment":[{"href":"https:\/\/innocentiemangonipiante.it\/de\/wp-json\/wp\/v2\/media?parent=27788"}],"wp:term":[{"taxonomy":"product_brand","embeddable":true,"href":"https:\/\/innocentiemangonipiante.it\/de\/wp-json\/wp\/v2\/product_brand?post=27788"},{"taxonomy":"product_cat","embeddable":true,"href":"https:\/\/innocentiemangonipiante.it\/de\/wp-json\/wp\/v2\/product_cat?post=27788"},{"taxonomy":"product_tag","embeddable":true,"href":"https:\/\/innocentiemangonipiante.it\/de\/wp-json\/wp\/v2\/product_tag?post=27788"}],"curies":[{"name":"wp","href":"https:\/\/api.w.org\/{rel}","templated":true}]}}