{"id":27789,"date":"2023-11-03T23:18:44","date_gmt":"2023-11-03T22:18:44","guid":{"rendered":"http:\/\/innocentiemangonipiante.it\/acer-triflorum\/"},"modified":"2023-11-06T17:12:26","modified_gmt":"2023-11-06T16:12:26","slug":"acer-triflorum","status":"publish","type":"product","link":"https:\/\/innocentiemangonipiante.it\/de\/acer-triflorum\/","title":{"rendered":"ACER triflorum"},"content":{"rendered":"<p>Langsam wachsende, laubabwerfende Pflanze mit graubrauner, schuppiger Rinde. Bl\u00e4tter bestehend aus 3 dunkelgr\u00fcnen Segmenten, im Herbst intensiv orangerot. B\u00fcschel kleiner gelbgr\u00fcner Bl\u00fcten im Sp\u00e4tfr\u00fchling.<\/p>\n","protected":false},"excerpt":{"rendered":"<p>Langsam wachsende, laubabwerfende Pflanze mit graubrauner, schuppiger Rinde. Bl\u00e4tter bestehend aus 3 dunkelgr\u00fcnen Segmenten, im Herbst intensiv orangerot. B\u00fcschel kleiner gelbgr\u00fcner Bl\u00fcten im Sp\u00e4tfr\u00fchling.<\/p>\n","protected":false},"featured_media":20215,"template":"","meta":{"_acf_changed":false},"product_brand":[],"product_cat":[8813],"product_tag":[10898],"class_list":{"0":"post-27789","1":"product","2":"type-product","3":"status-publish","4":"has-post-thumbnail","6":"product_cat-laubbaume-und-straucher","7":"product_tag-naturlichen","8":"pa_altezza-massima-900-de","9":"pa_altezza-massima-1000-de-2","10":"pa_colore-fioritura-gelbe","11":"pa_famiglia-aceraceae-de","12":"pa_genere-acer-de","13":"pa_origine-china-de","14":"pa_periodo-fioritura-april-de","15":"pa_periodo-fioritura-mai-de","16":"pa_portamento-arrotondato-de","17":"pa_resistenza-climatica-sehr-hoch","18":"pa_utilizzo-parks-de","20":"first","21":"instock","22":"purchasable","23":"product-type-simple"},"acf":[],"_links":{"self":[{"href":"https:\/\/innocentiemangonipiante.it\/de\/wp-json\/wp\/v2\/product\/27789","targetHints":{"allow":["GET"]}}],"collection":[{"href":"https:\/\/innocentiemangonipiante.it\/de\/wp-json\/wp\/v2\/product"}],"about":[{"href":"https:\/\/innocentiemangonipiante.it\/de\/wp-json\/wp\/v2\/types\/product"}],"wp:featuredmedia":[{"embeddable":true,"href":"https:\/\/innocentiemangonipiante.it\/de\/wp-json\/wp\/v2\/media\/20215"}],"wp:attachment":[{"href":"https:\/\/innocentiemangonipiante.it\/de\/wp-json\/wp\/v2\/media?parent=27789"}],"wp:term":[{"taxonomy":"product_brand","embeddable":true,"href":"https:\/\/innocentiemangonipiante.it\/de\/wp-json\/wp\/v2\/product_brand?post=27789"},{"taxonomy":"product_cat","embeddable":true,"href":"https:\/\/innocentiemangonipiante.it\/de\/wp-json\/wp\/v2\/product_cat?post=27789"},{"taxonomy":"product_tag","embeddable":true,"href":"https:\/\/innocentiemangonipiante.it\/de\/wp-json\/wp\/v2\/product_tag?post=27789"}],"curies":[{"name":"wp","href":"https:\/\/api.w.org\/{rel}","templated":true}]}}