{"id":27797,"date":"2023-11-03T23:20:19","date_gmt":"2023-11-03T22:20:19","guid":{"rendered":"http:\/\/innocentiemangonipiante.it\/acorus-gramineus-ogon\/"},"modified":"2023-11-06T17:14:07","modified_gmt":"2023-11-06T16:14:07","slug":"acorus-gramineus-ogon","status":"publish","type":"product","link":"https:\/\/innocentiemangonipiante.it\/de\/acorus-gramineus-ogon\/","title":{"rendered":"ACORUS gramineus &#8218;Ogon&#8216;"},"content":{"rendered":"<p>Die Bl\u00e4tter sind panachiert, gl\u00e4nzend, hellgr\u00fcn und cremegelbgestreift.<\/p>\n","protected":false},"excerpt":{"rendered":"<p>Die Bl\u00e4tter sind panachiert, gl\u00e4nzend, hellgr\u00fcn und cremegelbgestreift.<\/p>\n","protected":false},"featured_media":20248,"template":"","meta":{"_acf_changed":false},"product_brand":[],"product_cat":[9791],"product_tag":[10898],"class_list":{"0":"post-27797","1":"product","2":"type-product","3":"status-publish","4":"has-post-thumbnail","6":"product_cat-graeser","7":"product_tag-naturlichen","8":"pa_altezza-massima-0_15-meter","9":"pa_altezza-massima-0_40-meter","10":"pa_condizionamento-clt-de","11":"pa_famiglia-araceae-de","12":"pa_genere-acorus-de","13":"pa_origine-ostasien","14":"pa_portamento-eretto-de","15":"pa_resistenza-climatica-mittel-hoch","16":"pa_utilizzo-balkone","17":"pa_utilizzo-bordueren","18":"pa_utilizzo-im-innen","19":"pa_utilizzo-kleine-gaerten","21":"first","22":"instock","23":"purchasable","24":"product-type-simple"},"acf":[],"_links":{"self":[{"href":"https:\/\/innocentiemangonipiante.it\/de\/wp-json\/wp\/v2\/product\/27797","targetHints":{"allow":["GET"]}}],"collection":[{"href":"https:\/\/innocentiemangonipiante.it\/de\/wp-json\/wp\/v2\/product"}],"about":[{"href":"https:\/\/innocentiemangonipiante.it\/de\/wp-json\/wp\/v2\/types\/product"}],"wp:featuredmedia":[{"embeddable":true,"href":"https:\/\/innocentiemangonipiante.it\/de\/wp-json\/wp\/v2\/media\/20248"}],"wp:attachment":[{"href":"https:\/\/innocentiemangonipiante.it\/de\/wp-json\/wp\/v2\/media?parent=27797"}],"wp:term":[{"taxonomy":"product_brand","embeddable":true,"href":"https:\/\/innocentiemangonipiante.it\/de\/wp-json\/wp\/v2\/product_brand?post=27797"},{"taxonomy":"product_cat","embeddable":true,"href":"https:\/\/innocentiemangonipiante.it\/de\/wp-json\/wp\/v2\/product_cat?post=27797"},{"taxonomy":"product_tag","embeddable":true,"href":"https:\/\/innocentiemangonipiante.it\/de\/wp-json\/wp\/v2\/product_tag?post=27797"}],"curies":[{"name":"wp","href":"https:\/\/api.w.org\/{rel}","templated":true}]}}