{"id":27799,"date":"2023-11-03T23:20:33","date_gmt":"2023-11-03T22:20:33","guid":{"rendered":"http:\/\/innocentiemangonipiante.it\/actinidia-arguta-issai\/"},"modified":"2023-11-06T17:14:13","modified_gmt":"2023-11-06T16:14:13","slug":"actinidia-arguta-issai","status":"publish","type":"product","link":"https:\/\/innocentiemangonipiante.it\/de\/actinidia-arguta-issai\/","title":{"rendered":"ACTINIDIA arguta &#8218;Issai&#8216;"},"content":{"rendered":"<p>Sommergr\u00fcne Kletterpflanze mit dunkelgr\u00fcnen, gezackten Bl\u00e4ttern. Die Pflanze ist selbstbefruchtend. Die Fr\u00fcchte sind mit der Schale e\u00dfbar.<\/p>\n","protected":false},"excerpt":{"rendered":"<p>Sommergr\u00fcne Kletterpflanze mit dunkelgr\u00fcnen, gezackten Bl\u00e4ttern. Die Pflanze ist selbstbefruchtend. Die Fr\u00fcchte sind mit der Schale e\u00dfbar.<\/p>\n","protected":false},"featured_media":20260,"template":"","meta":{"_acf_changed":false},"product_brand":[],"product_cat":[8809],"product_tag":[10898],"class_list":{"0":"post-27799","1":"product","2":"type-product","3":"status-publish","4":"has-post-thumbnail","6":"product_cat-obst-baeume","7":"product_tag-naturlichen","8":"pa_altezza-massima-400-de","9":"pa_altezza-massima-600-de","10":"pa_colore-fioritura-weis","11":"pa_condizionamento-clt-de","12":"pa_famiglia-actinidiaceae-de","13":"pa_genere-actinidia-de","14":"pa_origine-ostasien","15":"pa_periodo-fioritura-juli","16":"pa_periodo-fioritura-juni","17":"pa_periodo-fruttificazione-september-de","18":"pa_portamento-schlingpflanze","19":"pa_resistenza-climatica-mittel-hoch","20":"pa_resistenza-del-suolo-bestandig-gegen-kalkhaltige-boden","21":"pa_utilizzo-kleine-gaerten","23":"first","24":"instock","25":"purchasable","26":"product-type-simple"},"acf":[],"_links":{"self":[{"href":"https:\/\/innocentiemangonipiante.it\/de\/wp-json\/wp\/v2\/product\/27799","targetHints":{"allow":["GET"]}}],"collection":[{"href":"https:\/\/innocentiemangonipiante.it\/de\/wp-json\/wp\/v2\/product"}],"about":[{"href":"https:\/\/innocentiemangonipiante.it\/de\/wp-json\/wp\/v2\/types\/product"}],"wp:featuredmedia":[{"embeddable":true,"href":"https:\/\/innocentiemangonipiante.it\/de\/wp-json\/wp\/v2\/media\/20260"}],"wp:attachment":[{"href":"https:\/\/innocentiemangonipiante.it\/de\/wp-json\/wp\/v2\/media?parent=27799"}],"wp:term":[{"taxonomy":"product_brand","embeddable":true,"href":"https:\/\/innocentiemangonipiante.it\/de\/wp-json\/wp\/v2\/product_brand?post=27799"},{"taxonomy":"product_cat","embeddable":true,"href":"https:\/\/innocentiemangonipiante.it\/de\/wp-json\/wp\/v2\/product_cat?post=27799"},{"taxonomy":"product_tag","embeddable":true,"href":"https:\/\/innocentiemangonipiante.it\/de\/wp-json\/wp\/v2\/product_tag?post=27799"}],"curies":[{"name":"wp","href":"https:\/\/api.w.org\/{rel}","templated":true}]}}