{"id":27830,"date":"2023-11-03T23:23:59","date_gmt":"2023-11-03T22:23:59","guid":{"rendered":"http:\/\/innocentiemangonipiante.it\/agave-desmettiana-variegata\/"},"modified":"2023-11-06T17:16:56","modified_gmt":"2023-11-06T16:16:56","slug":"agave-desmettiana-variegata","status":"publish","type":"product","link":"https:\/\/innocentiemangonipiante.it\/de\/agave-desmettiana-variegata\/","title":{"rendered":"AGAVE desmettiana &#8218;Variegata&#8216;"},"content":{"rendered":"<p>Gebogenen Bl\u00e4ttern in Farbe Gr\u00fcn und Cremewei\u00df.<\/p>\n","protected":false},"excerpt":{"rendered":"<p>Gebogenen Bl\u00e4ttern in Farbe Gr\u00fcn und Cremewei\u00df.<\/p>\n","protected":false},"featured_media":20332,"template":"","meta":{"_acf_changed":false},"product_brand":[],"product_cat":[8832,9231],"product_tag":[10898],"class_list":{"0":"post-27830","1":"product","2":"type-product","3":"status-publish","4":"has-post-thumbnail","6":"product_cat-palmartig-und-saftig","7":"product_cat-baume-und-pflanzen-der-zukunft","8":"product_tag-naturlichen","9":"pa_altezza-massima-150-de","10":"pa_altezza-massima-200-de","11":"pa_colore-delle-foglie-vielfaeltigen","12":"pa_colore-fioritura-gelbe","13":"pa_famiglia-agavaceae-de","14":"pa_genere-agave-de","15":"pa_origine-mexiko","16":"pa_periodo-fioritura-juni","17":"pa_periodo-fioritura-mai-de","18":"pa_portamento-eretto-de","19":"pa_resistenza-climatica-sehr-niedrig","20":"pa_salinita-bestaendigkeit-in-meeresluft","21":"pa_utilizzo-kleine-gaerten","23":"first","24":"instock","25":"purchasable","26":"product-type-simple"},"acf":[],"_links":{"self":[{"href":"https:\/\/innocentiemangonipiante.it\/de\/wp-json\/wp\/v2\/product\/27830","targetHints":{"allow":["GET"]}}],"collection":[{"href":"https:\/\/innocentiemangonipiante.it\/de\/wp-json\/wp\/v2\/product"}],"about":[{"href":"https:\/\/innocentiemangonipiante.it\/de\/wp-json\/wp\/v2\/types\/product"}],"wp:featuredmedia":[{"embeddable":true,"href":"https:\/\/innocentiemangonipiante.it\/de\/wp-json\/wp\/v2\/media\/20332"}],"wp:attachment":[{"href":"https:\/\/innocentiemangonipiante.it\/de\/wp-json\/wp\/v2\/media?parent=27830"}],"wp:term":[{"taxonomy":"product_brand","embeddable":true,"href":"https:\/\/innocentiemangonipiante.it\/de\/wp-json\/wp\/v2\/product_brand?post=27830"},{"taxonomy":"product_cat","embeddable":true,"href":"https:\/\/innocentiemangonipiante.it\/de\/wp-json\/wp\/v2\/product_cat?post=27830"},{"taxonomy":"product_tag","embeddable":true,"href":"https:\/\/innocentiemangonipiante.it\/de\/wp-json\/wp\/v2\/product_tag?post=27830"}],"curies":[{"name":"wp","href":"https:\/\/api.w.org\/{rel}","templated":true}]}}