{"id":27833,"date":"2023-11-03T23:24:23","date_gmt":"2023-11-03T22:24:23","guid":{"rendered":"http:\/\/innocentiemangonipiante.it\/agave-gentryi-jaws\/"},"modified":"2023-11-06T17:17:18","modified_gmt":"2023-11-06T16:17:18","slug":"agave-gentryi-jaws","status":"publish","type":"product","link":"https:\/\/innocentiemangonipiante.it\/de\/agave-gentryi-jaws\/","title":{"rendered":"AGAVE gentryi &#8218;Jaws&#8216;"},"content":{"rendered":"<p>Langsam wachsende Agave. Die gl\u00e4nzend gr\u00fcnen Bl\u00e4tter haben stark gezackte R\u00e4nder mit gro\u00dfen spitzen Z\u00e4hnen.<\/p>\n","protected":false},"excerpt":{"rendered":"<p>Langsam wachsende Agave. Die gl\u00e4nzend gr\u00fcnen Bl\u00e4tter haben stark gezackte R\u00e4nder mit gro\u00dfen spitzen Z\u00e4hnen.<\/p>\n","protected":false},"featured_media":20344,"template":"","meta":{"_acf_changed":false},"product_brand":[],"product_cat":[8832,9231],"product_tag":[10898],"class_list":{"0":"post-27833","1":"product","2":"type-product","3":"status-publish","4":"has-post-thumbnail","6":"product_cat-palmartig-und-saftig","7":"product_cat-baume-und-pflanzen-der-zukunft","8":"product_tag-naturlichen","9":"pa_altezza-massima-100-de","10":"pa_famiglia-agavaceae-de","11":"pa_genere-agave-de","12":"pa_origine-sudamerika","13":"pa_portamento-eretto-de","14":"pa_resistenza-climatica-sehr-niedrig","15":"pa_salinita-bestaendigkeit-in-meeresluft","16":"pa_utilizzo-kleine-gaerten","18":"first","19":"instock","20":"purchasable","21":"product-type-simple"},"acf":[],"_links":{"self":[{"href":"https:\/\/innocentiemangonipiante.it\/de\/wp-json\/wp\/v2\/product\/27833","targetHints":{"allow":["GET"]}}],"collection":[{"href":"https:\/\/innocentiemangonipiante.it\/de\/wp-json\/wp\/v2\/product"}],"about":[{"href":"https:\/\/innocentiemangonipiante.it\/de\/wp-json\/wp\/v2\/types\/product"}],"wp:featuredmedia":[{"embeddable":true,"href":"https:\/\/innocentiemangonipiante.it\/de\/wp-json\/wp\/v2\/media\/20344"}],"wp:attachment":[{"href":"https:\/\/innocentiemangonipiante.it\/de\/wp-json\/wp\/v2\/media?parent=27833"}],"wp:term":[{"taxonomy":"product_brand","embeddable":true,"href":"https:\/\/innocentiemangonipiante.it\/de\/wp-json\/wp\/v2\/product_brand?post=27833"},{"taxonomy":"product_cat","embeddable":true,"href":"https:\/\/innocentiemangonipiante.it\/de\/wp-json\/wp\/v2\/product_cat?post=27833"},{"taxonomy":"product_tag","embeddable":true,"href":"https:\/\/innocentiemangonipiante.it\/de\/wp-json\/wp\/v2\/product_tag?post=27833"}],"curies":[{"name":"wp","href":"https:\/\/api.w.org\/{rel}","templated":true}]}}