{"id":27836,"date":"2023-11-03T23:24:50","date_gmt":"2023-11-03T22:24:50","guid":{"rendered":"http:\/\/innocentiemangonipiante.it\/agave-parrasana\/"},"modified":"2023-11-06T17:18:02","modified_gmt":"2023-11-06T16:18:02","slug":"agave-parrasana","status":"publish","type":"product","link":"https:\/\/innocentiemangonipiante.it\/de\/agave-parrasana\/","title":{"rendered":"AGAVE parrasana"},"content":{"rendered":"<p>Seine gro\u00dfen Bl\u00e4tter verflechten sich zu einer perfekten Rosette. Die Bl\u00e4tter sind bl\u00e4ulichgr\u00fcn und stachelig.<\/p>\n","protected":false},"excerpt":{"rendered":"<p>Seine gro\u00dfen Bl\u00e4tter verflechten sich zu einer perfekten Rosette. Die Bl\u00e4tter sind bl\u00e4ulichgr\u00fcn und stachelig.<\/p>\n","protected":false},"featured_media":20350,"template":"","meta":{"_acf_changed":false},"product_brand":[],"product_cat":[8832,9231],"product_tag":[10898],"class_list":{"0":"post-27836","1":"product","2":"type-product","3":"status-publish","4":"has-post-thumbnail","6":"product_cat-palmartig-und-saftig","7":"product_cat-baume-und-pflanzen-der-zukunft","8":"product_tag-naturlichen","9":"pa_altezza-massima-0_50-meter","10":"pa_colore-delle-foglie-blau","11":"pa_colore-fioritura-gelbe","12":"pa_famiglia-agavaceae-de","13":"pa_genere-agave-de","14":"pa_origine-mexiko","15":"pa_portamento-eretto-de","16":"pa_resistenza-climatica-sehr-niedrig","17":"pa_salinita-bestaendigkeit-in-meeresluft","18":"pa_utilizzo-balkone","19":"pa_utilizzo-bordueren","20":"pa_utilizzo-im-innen","21":"pa_utilizzo-kleine-gaerten","23":"first","24":"instock","25":"purchasable","26":"product-type-simple"},"acf":[],"_links":{"self":[{"href":"https:\/\/innocentiemangonipiante.it\/de\/wp-json\/wp\/v2\/product\/27836","targetHints":{"allow":["GET"]}}],"collection":[{"href":"https:\/\/innocentiemangonipiante.it\/de\/wp-json\/wp\/v2\/product"}],"about":[{"href":"https:\/\/innocentiemangonipiante.it\/de\/wp-json\/wp\/v2\/types\/product"}],"wp:featuredmedia":[{"embeddable":true,"href":"https:\/\/innocentiemangonipiante.it\/de\/wp-json\/wp\/v2\/media\/20350"}],"wp:attachment":[{"href":"https:\/\/innocentiemangonipiante.it\/de\/wp-json\/wp\/v2\/media?parent=27836"}],"wp:term":[{"taxonomy":"product_brand","embeddable":true,"href":"https:\/\/innocentiemangonipiante.it\/de\/wp-json\/wp\/v2\/product_brand?post=27836"},{"taxonomy":"product_cat","embeddable":true,"href":"https:\/\/innocentiemangonipiante.it\/de\/wp-json\/wp\/v2\/product_cat?post=27836"},{"taxonomy":"product_tag","embeddable":true,"href":"https:\/\/innocentiemangonipiante.it\/de\/wp-json\/wp\/v2\/product_tag?post=27836"}],"curies":[{"name":"wp","href":"https:\/\/api.w.org\/{rel}","templated":true}]}}