{"id":27838,"date":"2023-11-03T23:25:08","date_gmt":"2023-11-03T22:25:08","guid":{"rendered":"http:\/\/innocentiemangonipiante.it\/agave-x-leopoldii-2\/"},"modified":"2023-11-06T17:18:16","modified_gmt":"2023-11-06T16:18:16","slug":"agave-x-leopoldii","status":"publish","type":"product","link":"https:\/\/innocentiemangonipiante.it\/de\/agave-x-leopoldii\/","title":{"rendered":"AGAVE x leopoldii"},"content":{"rendered":"<p>Sehr kompakt. Gr\u00fcne Bl\u00e4tter mit wei\u00dfem Rand und wei\u00dfen Filamenten.<\/p>\n","protected":false},"excerpt":{"rendered":"<p>Sehr kompakt. Gr\u00fcne Bl\u00e4tter mit wei\u00dfem Rand und wei\u00dfen Filamenten.<\/p>\n","protected":false},"featured_media":20362,"template":"","meta":{"_acf_changed":false},"product_brand":[],"product_cat":[8832,9231],"product_tag":[10898],"class_list":{"0":"post-27838","1":"product","2":"type-product","3":"status-publish","4":"has-post-thumbnail","6":"product_cat-palmartig-und-saftig","7":"product_cat-baume-und-pflanzen-der-zukunft","8":"product_tag-naturlichen","9":"pa_altezza-massima-0_50-meter","10":"pa_altezza-massima-100-de","11":"pa_colore-delle-foglie-vielfaeltigen","12":"pa_colore-fioritura-gelbe","13":"pa_famiglia-agavaceae-de","14":"pa_genere-agave-de","15":"pa_origine-sudamerika","16":"pa_periodo-fioritura-august-de","17":"pa_periodo-fioritura-juli","18":"pa_portamento-eretto-de","19":"pa_resistenza-climatica-mittel","20":"pa_utilizzo-balkone","21":"pa_utilizzo-kleine-gaerten","23":"first","24":"instock","25":"purchasable","26":"product-type-simple"},"acf":[],"_links":{"self":[{"href":"https:\/\/innocentiemangonipiante.it\/de\/wp-json\/wp\/v2\/product\/27838","targetHints":{"allow":["GET"]}}],"collection":[{"href":"https:\/\/innocentiemangonipiante.it\/de\/wp-json\/wp\/v2\/product"}],"about":[{"href":"https:\/\/innocentiemangonipiante.it\/de\/wp-json\/wp\/v2\/types\/product"}],"wp:featuredmedia":[{"embeddable":true,"href":"https:\/\/innocentiemangonipiante.it\/de\/wp-json\/wp\/v2\/media\/20362"}],"wp:attachment":[{"href":"https:\/\/innocentiemangonipiante.it\/de\/wp-json\/wp\/v2\/media?parent=27838"}],"wp:term":[{"taxonomy":"product_brand","embeddable":true,"href":"https:\/\/innocentiemangonipiante.it\/de\/wp-json\/wp\/v2\/product_brand?post=27838"},{"taxonomy":"product_cat","embeddable":true,"href":"https:\/\/innocentiemangonipiante.it\/de\/wp-json\/wp\/v2\/product_cat?post=27838"},{"taxonomy":"product_tag","embeddable":true,"href":"https:\/\/innocentiemangonipiante.it\/de\/wp-json\/wp\/v2\/product_tag?post=27838"}],"curies":[{"name":"wp","href":"https:\/\/api.w.org\/{rel}","templated":true}]}}