{"id":27839,"date":"2023-11-03T23:25:19","date_gmt":"2023-11-03T22:25:19","guid":{"rendered":"http:\/\/innocentiemangonipiante.it\/ajuga-reptans\/"},"modified":"2023-11-06T17:18:22","modified_gmt":"2023-11-06T16:18:22","slug":"ajuga-reptans","status":"publish","type":"product","link":"https:\/\/innocentiemangonipiante.it\/de\/ajuga-reptans\/","title":{"rendered":"AJUGA reptans"},"content":{"rendered":"<p>Mehrj\u00e4hrige krautige Pflanze mit kriechendem Wuchs. Bl\u00fcht im Sommer mit 15 cm hohen \u00c4hren, auf denen kleine violettblaue Bl\u00fcten bl\u00fchen.<\/p>\n","protected":false},"excerpt":{"rendered":"<p>Mehrj\u00e4hrige krautige Pflanze mit kriechendem Wuchs. Bl\u00fcht im Sommer mit 15 cm hohen \u00c4hren, auf denen kleine violettblaue Bl\u00fcten bl\u00fchen.<\/p>\n","protected":false},"featured_media":20368,"template":"","meta":{"_acf_changed":false},"product_brand":[],"product_cat":[8829],"product_tag":[10898],"class_list":{"0":"post-27839","1":"product","2":"type-product","3":"status-publish","4":"has-post-thumbnail","6":"product_cat-mehrjahrige-krauter","7":"product_tag-naturlichen","8":"pa_altezza-massima-0_20-meter","9":"pa_altezza-massima-0_30-meter","10":"pa_colore-fioritura-blau","11":"pa_condizionamento-clt-de","12":"pa_famiglia-labiatae-lamiaceae-de","13":"pa_genere-ajuga-de","14":"pa_origine-asien","15":"pa_origine-europaischen-mittelmeeres","16":"pa_periodo-fioritura-august-de","17":"pa_periodo-fioritura-juli","18":"pa_periodo-fioritura-juni","19":"pa_portamento-strisciante-de","20":"pa_resistenza-climatica-sehr-hoch","21":"pa_resistenza-del-suolo-bestandigkeit-auf-feuchten-boden","22":"pa_utilizzo-bordueren","23":"pa_utilizzo-kleine-gaerten","25":"first","26":"instock","27":"purchasable","28":"product-type-simple"},"acf":[],"_links":{"self":[{"href":"https:\/\/innocentiemangonipiante.it\/de\/wp-json\/wp\/v2\/product\/27839","targetHints":{"allow":["GET"]}}],"collection":[{"href":"https:\/\/innocentiemangonipiante.it\/de\/wp-json\/wp\/v2\/product"}],"about":[{"href":"https:\/\/innocentiemangonipiante.it\/de\/wp-json\/wp\/v2\/types\/product"}],"wp:featuredmedia":[{"embeddable":true,"href":"https:\/\/innocentiemangonipiante.it\/de\/wp-json\/wp\/v2\/media\/20368"}],"wp:attachment":[{"href":"https:\/\/innocentiemangonipiante.it\/de\/wp-json\/wp\/v2\/media?parent=27839"}],"wp:term":[{"taxonomy":"product_brand","embeddable":true,"href":"https:\/\/innocentiemangonipiante.it\/de\/wp-json\/wp\/v2\/product_brand?post=27839"},{"taxonomy":"product_cat","embeddable":true,"href":"https:\/\/innocentiemangonipiante.it\/de\/wp-json\/wp\/v2\/product_cat?post=27839"},{"taxonomy":"product_tag","embeddable":true,"href":"https:\/\/innocentiemangonipiante.it\/de\/wp-json\/wp\/v2\/product_tag?post=27839"}],"curies":[{"name":"wp","href":"https:\/\/api.w.org\/{rel}","templated":true}]}}