{"id":27840,"date":"2023-11-03T23:25:25","date_gmt":"2023-11-03T22:25:25","guid":{"rendered":"http:\/\/innocentiemangonipiante.it\/ajuga-reptans-atropurpurea\/"},"modified":"2023-11-06T17:18:25","modified_gmt":"2023-11-06T16:18:25","slug":"ajuga-reptans-atropurpurea","status":"publish","type":"product","link":"https:\/\/innocentiemangonipiante.it\/de\/ajuga-reptans-atropurpurea\/","title":{"rendered":"AJUGA reptans &#8218;Atropurpurea&#8216;"},"content":{"rendered":"<p>Mehrj\u00e4hriger, immergr\u00fcner Bodendecker, der sich mit Ausl\u00e4ufern ausdehnt. Sie bl\u00fcht im Fr\u00fchling mit Rispen aus zweigeteilten blauen Bl\u00fcten.<br \/>\nApri in Google Traduttor<\/p>\n","protected":false},"excerpt":{"rendered":"<p>Mehrj\u00e4hriger, immergr\u00fcner Bodendecker, der sich mit Ausl\u00e4ufern ausdehnt. Sie bl\u00fcht im Fr\u00fchling mit Rispen aus zweigeteilten blauen Bl\u00fcten. Apri in Google Traduttor<\/p>\n","protected":false},"featured_media":20374,"template":"","meta":{"_acf_changed":false},"product_brand":[],"product_cat":[8829],"product_tag":[10898],"class_list":{"0":"post-27840","1":"product","2":"type-product","3":"status-publish","4":"has-post-thumbnail","6":"product_cat-mehrjahrige-krauter","7":"product_tag-naturlichen","8":"pa_altezza-massima-0_15-meter","9":"pa_altezza-massima-0_20-meter","10":"pa_colore-fioritura-blau","11":"pa_condizionamento-clt-de","12":"pa_famiglia-labiatae-lamiaceae-de","13":"pa_genere-ajuga-de","14":"pa_origine-asien","15":"pa_origine-europaischen-mittelmeeres","16":"pa_periodo-fioritura-juni","17":"pa_periodo-fioritura-mai-de","18":"pa_portamento-strisciante-de","19":"pa_resistenza-climatica-sehr-hoch","20":"pa_resistenza-del-suolo-bestandigkeit-auf-feuchten-boden","21":"pa_utilizzo-bordueren","22":"pa_utilizzo-kleine-gaerten","24":"first","25":"instock","26":"purchasable","27":"product-type-simple"},"acf":[],"_links":{"self":[{"href":"https:\/\/innocentiemangonipiante.it\/de\/wp-json\/wp\/v2\/product\/27840","targetHints":{"allow":["GET"]}}],"collection":[{"href":"https:\/\/innocentiemangonipiante.it\/de\/wp-json\/wp\/v2\/product"}],"about":[{"href":"https:\/\/innocentiemangonipiante.it\/de\/wp-json\/wp\/v2\/types\/product"}],"wp:featuredmedia":[{"embeddable":true,"href":"https:\/\/innocentiemangonipiante.it\/de\/wp-json\/wp\/v2\/media\/20374"}],"wp:attachment":[{"href":"https:\/\/innocentiemangonipiante.it\/de\/wp-json\/wp\/v2\/media?parent=27840"}],"wp:term":[{"taxonomy":"product_brand","embeddable":true,"href":"https:\/\/innocentiemangonipiante.it\/de\/wp-json\/wp\/v2\/product_brand?post=27840"},{"taxonomy":"product_cat","embeddable":true,"href":"https:\/\/innocentiemangonipiante.it\/de\/wp-json\/wp\/v2\/product_cat?post=27840"},{"taxonomy":"product_tag","embeddable":true,"href":"https:\/\/innocentiemangonipiante.it\/de\/wp-json\/wp\/v2\/product_tag?post=27840"}],"curies":[{"name":"wp","href":"https:\/\/api.w.org\/{rel}","templated":true}]}}