{"id":27843,"date":"2023-11-03T23:25:58","date_gmt":"2023-11-03T22:25:58","guid":{"rendered":"http:\/\/innocentiemangonipiante.it\/albizia-julibrissin-eveys-pride\/"},"modified":"2023-11-06T17:18:50","modified_gmt":"2023-11-06T16:18:50","slug":"albizia-julibrissin-eveys-pride","status":"publish","type":"product","link":"https:\/\/innocentiemangonipiante.it\/de\/albizia-julibrissin-eveys-pride\/","title":{"rendered":"ALBIZIA julibrissin &#8218;Evey&#8217;s pride&#8216;"},"content":{"rendered":"<p>Laubbaum mit bronzefarbenen Bl\u00e4ttern, rosa Bl\u00fcte im Fr\u00fchsommer.<\/p>\n","protected":false},"excerpt":{"rendered":"<p>Laubbaum mit bronzefarbenen Bl\u00e4ttern, rosa Bl\u00fcte im Fr\u00fchsommer.<\/p>\n","protected":false},"featured_media":20381,"template":"","meta":{"_acf_changed":false},"product_brand":[],"product_cat":[8813],"product_tag":[10898],"class_list":{"0":"post-27843","1":"product","2":"type-product","3":"status-publish","4":"has-post-thumbnail","6":"product_cat-laubbaume-und-straucher","7":"product_tag-naturlichen","8":"pa_altezza-massima-500-de","9":"pa_altezza-massima-600-de","10":"pa_colore-fioritura-rose-de","11":"pa_famiglia-leguminosae-de","12":"pa_genere-albizia-de","13":"pa_origine-frankreich","14":"pa_periodo-fioritura-juni","15":"pa_portamento-eretto-de","16":"pa_resistenza-climatica-mittel-hoch","17":"pa_resistenza-del-suolo-bestandig-gegen-kalkhaltige-boden","18":"pa_resistenza-del-suolo-bestandig-gegen-trockene-boden","19":"pa_utilizzo-parks-de","21":"first","22":"instock","23":"purchasable","24":"product-type-simple"},"acf":[],"_links":{"self":[{"href":"https:\/\/innocentiemangonipiante.it\/de\/wp-json\/wp\/v2\/product\/27843","targetHints":{"allow":["GET"]}}],"collection":[{"href":"https:\/\/innocentiemangonipiante.it\/de\/wp-json\/wp\/v2\/product"}],"about":[{"href":"https:\/\/innocentiemangonipiante.it\/de\/wp-json\/wp\/v2\/types\/product"}],"wp:featuredmedia":[{"embeddable":true,"href":"https:\/\/innocentiemangonipiante.it\/de\/wp-json\/wp\/v2\/media\/20381"}],"wp:attachment":[{"href":"https:\/\/innocentiemangonipiante.it\/de\/wp-json\/wp\/v2\/media?parent=27843"}],"wp:term":[{"taxonomy":"product_brand","embeddable":true,"href":"https:\/\/innocentiemangonipiante.it\/de\/wp-json\/wp\/v2\/product_brand?post=27843"},{"taxonomy":"product_cat","embeddable":true,"href":"https:\/\/innocentiemangonipiante.it\/de\/wp-json\/wp\/v2\/product_cat?post=27843"},{"taxonomy":"product_tag","embeddable":true,"href":"https:\/\/innocentiemangonipiante.it\/de\/wp-json\/wp\/v2\/product_tag?post=27843"}],"curies":[{"name":"wp","href":"https:\/\/api.w.org\/{rel}","templated":true}]}}