{"id":27847,"date":"2023-11-03T23:26:19","date_gmt":"2023-11-03T22:26:19","guid":{"rendered":"http:\/\/innocentiemangonipiante.it\/albizia-julibrissin-summer-chocolate\/"},"modified":"2023-11-06T17:19:12","modified_gmt":"2023-11-06T16:19:12","slug":"albizia-julibrissin-summer-chocolate","status":"publish","type":"product","link":"https:\/\/innocentiemangonipiante.it\/de\/albizia-julibrissin-summer-chocolate\/","title":{"rendered":"ALBIZIA julibrissin &#8218;Summer Chocolate&#8216; \u00ae"},"content":{"rendered":"<p>Sommergr\u00fcner Baum. Mittlere Wachstumsrate. Die erst gr\u00fcne Bl\u00e4tter f\u00e4rben sich Dunkelrot und dann Bronzerot oder Braun im Sommer. Rosafarbige Bl\u00fcte.<\/p>\n","protected":false},"excerpt":{"rendered":"<p>Sommergr\u00fcner Baum. Mittlere Wachstumsrate. Die erst gr\u00fcne Bl\u00e4tter f\u00e4rben sich Dunkelrot und dann Bronzerot oder Braun im Sommer. Rosafarbige Bl\u00fcte.<\/p>\n","protected":false},"featured_media":20388,"template":"","meta":{"_acf_changed":false},"product_brand":[],"product_cat":[8813],"product_tag":[10898],"class_list":{"0":"post-27847","1":"product","2":"type-product","3":"status-publish","4":"has-post-thumbnail","6":"product_cat-laubbaume-und-straucher","7":"product_tag-naturlichen","8":"pa_altezza-massima-400-de","9":"pa_altezza-massima-600-de","10":"pa_colore-fioritura-rose-de","11":"pa_famiglia-leguminosae-de","12":"pa_genere-albizia-de","13":"pa_origine-frankreich","14":"pa_periodo-fioritura-august-de","15":"pa_periodo-fioritura-juli","16":"pa_periodo-fioritura-september-de","17":"pa_portamento-eretto-de","18":"pa_resistenza-climatica-mittel-hoch","19":"pa_resistenza-del-suolo-bestandig-gegen-kalkhaltige-boden","20":"pa_resistenza-del-suolo-bestandig-gegen-trockene-boden","21":"pa_utilizzo-parks-de","23":"first","24":"instock","25":"purchasable","26":"product-type-simple"},"acf":[],"_links":{"self":[{"href":"https:\/\/innocentiemangonipiante.it\/de\/wp-json\/wp\/v2\/product\/27847","targetHints":{"allow":["GET"]}}],"collection":[{"href":"https:\/\/innocentiemangonipiante.it\/de\/wp-json\/wp\/v2\/product"}],"about":[{"href":"https:\/\/innocentiemangonipiante.it\/de\/wp-json\/wp\/v2\/types\/product"}],"wp:featuredmedia":[{"embeddable":true,"href":"https:\/\/innocentiemangonipiante.it\/de\/wp-json\/wp\/v2\/media\/20388"}],"wp:attachment":[{"href":"https:\/\/innocentiemangonipiante.it\/de\/wp-json\/wp\/v2\/media?parent=27847"}],"wp:term":[{"taxonomy":"product_brand","embeddable":true,"href":"https:\/\/innocentiemangonipiante.it\/de\/wp-json\/wp\/v2\/product_brand?post=27847"},{"taxonomy":"product_cat","embeddable":true,"href":"https:\/\/innocentiemangonipiante.it\/de\/wp-json\/wp\/v2\/product_cat?post=27847"},{"taxonomy":"product_tag","embeddable":true,"href":"https:\/\/innocentiemangonipiante.it\/de\/wp-json\/wp\/v2\/product_tag?post=27847"}],"curies":[{"name":"wp","href":"https:\/\/api.w.org\/{rel}","templated":true}]}}