{"id":27851,"date":"2023-11-03T23:26:32","date_gmt":"2023-11-03T22:26:32","guid":{"rendered":"http:\/\/innocentiemangonipiante.it\/allium-giganteum\/"},"modified":"2023-11-06T17:19:20","modified_gmt":"2023-11-06T16:19:20","slug":"allium-giganteum","status":"publish","type":"product","link":"https:\/\/innocentiemangonipiante.it\/de\/allium-giganteum\/","title":{"rendered":"ALLIUM giganteum"},"content":{"rendered":"<p>Mehrj\u00e4hrige Zwiebelpflanze mit gr\u00fcnen Laubbl\u00e4ttern, deren Streifen ins Blaugrau tendieren. Am Ende des Fr\u00fchlings bildet sich ein \u00fcppiger Bl\u00fctenstand aus etwa 100 Bl\u00fcten. Diese nimmt eine charakteristische und auff\u00e4llige Kreisform mit einem Durchmesser von 15\u201320 cm an und hat eine wundersch\u00f6ne violette Farbe.<\/p>\n","protected":false},"excerpt":{"rendered":"<p>Mehrj\u00e4hrige Zwiebelpflanze mit gr\u00fcnen Laubbl\u00e4ttern, deren Streifen ins Blaugrau tendieren. Am Ende des Fr\u00fchlings bildet sich ein \u00fcppiger Bl\u00fctenstand aus etwa 100 Bl\u00fcten. Diese nimmt eine charakteristische und auff\u00e4llige Kreisform mit einem Durchmesser von 15\u201320 cm an und hat eine wundersch\u00f6ne violette Farbe.<\/p>\n","protected":false},"featured_media":20395,"template":"","meta":{"_acf_changed":false},"product_brand":[],"product_cat":[8318],"product_tag":[10898],"class_list":{"0":"post-27851","1":"product","2":"type-product","3":"status-publish","4":"has-post-thumbnail","6":"product_cat-keine-kategorie","7":"product_tag-naturlichen","8":"pa_altezza-massima-100-de","9":"pa_altezza-massima-150-de","10":"pa_colore-fioritura-violett","11":"pa_condizionamento-clt-de","12":"pa_famiglia-liliaceae-alliaceae-de","13":"pa_genere-allium-de","14":"pa_origine-asien","15":"pa_periodo-fioritura-juni","16":"pa_periodo-fioritura-mai-de","17":"pa_portamento-saulenformig","18":"pa_resistenza-climatica-sehr-hoch","19":"pa_resistenza-del-suolo-bestandig-gegen-kalkhaltige-boden","20":"pa_utilizzo-bordueren","21":"pa_utilizzo-kleine-gaerten","23":"first","24":"instock","25":"purchasable","26":"product-type-simple"},"acf":[],"_links":{"self":[{"href":"https:\/\/innocentiemangonipiante.it\/de\/wp-json\/wp\/v2\/product\/27851","targetHints":{"allow":["GET"]}}],"collection":[{"href":"https:\/\/innocentiemangonipiante.it\/de\/wp-json\/wp\/v2\/product"}],"about":[{"href":"https:\/\/innocentiemangonipiante.it\/de\/wp-json\/wp\/v2\/types\/product"}],"wp:featuredmedia":[{"embeddable":true,"href":"https:\/\/innocentiemangonipiante.it\/de\/wp-json\/wp\/v2\/media\/20395"}],"wp:attachment":[{"href":"https:\/\/innocentiemangonipiante.it\/de\/wp-json\/wp\/v2\/media?parent=27851"}],"wp:term":[{"taxonomy":"product_brand","embeddable":true,"href":"https:\/\/innocentiemangonipiante.it\/de\/wp-json\/wp\/v2\/product_brand?post=27851"},{"taxonomy":"product_cat","embeddable":true,"href":"https:\/\/innocentiemangonipiante.it\/de\/wp-json\/wp\/v2\/product_cat?post=27851"},{"taxonomy":"product_tag","embeddable":true,"href":"https:\/\/innocentiemangonipiante.it\/de\/wp-json\/wp\/v2\/product_tag?post=27851"}],"curies":[{"name":"wp","href":"https:\/\/api.w.org\/{rel}","templated":true}]}}