{"id":27864,"date":"2023-11-03T23:28:01","date_gmt":"2023-11-03T22:28:01","guid":{"rendered":"http:\/\/innocentiemangonipiante.it\/amelanchier-lamarckii\/"},"modified":"2023-11-06T17:21:13","modified_gmt":"2023-11-06T16:21:13","slug":"amelanchier-lamarckii","status":"publish","type":"product","link":"https:\/\/innocentiemangonipiante.it\/de\/amelanchier-lamarckii\/","title":{"rendered":"AMELANCHIER lamarckii"},"content":{"rendered":"<p>Sommergr\u00fcner Strauch oder kleiner Baum, aufrechter Wuchs. Die Bl\u00e4tter sind bronzefarbig, bis 8 cm lang und werden dunkelgr\u00fcn, sp\u00e4ter orange und rot im Herbst. Die Bl\u00fcte ist wei\u00df mit elliptischen Bl\u00e4ttern im April-Mai. Standort: von sonnig bis Halbschatten. Au\u00dferordentlich rustikaler Baum, windfest und stadtklimafest.<\/p>\n","protected":false},"excerpt":{"rendered":"<p>Sommergr\u00fcner Strauch oder kleiner Baum, aufrechter Wuchs. Die Bl\u00e4tter sind bronzefarbig, bis 8 cm lang und werden dunkelgr\u00fcn, sp\u00e4ter orange und rot im Herbst. Die Bl\u00fcte ist wei\u00df mit elliptischen Bl\u00e4ttern im April-Mai. Standort: von sonnig bis Halbschatten. Au\u00dferordentlich rustikaler Baum, windfest und stadtklimafest.<\/p>\n","protected":false},"featured_media":33316,"template":"","meta":{"_acf_changed":false},"product_brand":[],"product_cat":[8813,9231],"product_tag":[10898,8401,8498,8597],"class_list":{"0":"post-27864","1":"product","2":"type-product","3":"status-publish","4":"has-post-thumbnail","6":"product_cat-laubbaume-und-straucher","7":"product_cat-baume-und-pflanzen-der-zukunft","8":"product_tag-naturlichen","9":"product_tag-hochstamm","10":"product_tag-mehrstammig-mit-schirmformiger-krone","11":"product_tag-multistamm","12":"pa_altezza-massima-500-de","13":"pa_altezza-massima-800-de","14":"pa_colore-fioritura-weis","15":"pa_condizionamento-clt-de","16":"pa_condizionamento-m-de","17":"pa_famiglia-rosaceae-de","18":"pa_genere-amelanchier-de","19":"pa_inquinamento-bestaendigkeit-gegen-smog","20":"pa_origine-u-s-a","21":"pa_periodo-fioritura-april-de","22":"pa_periodo-fioritura-mai-de","23":"pa_portamento-eretto-de","24":"pa_resistenza-climatica-sehr-hoch","25":"pa_resistenza-del-suolo-bestandig-gegen-trockene-boden","26":"pa_resistenza-del-suolo-bestandigkeit-auf-feuchten-boden","27":"pa_salinita-bestaendigkeit-in-meeresluft","28":"pa_utilizzo-kleine-gaerten","30":"first","31":"instock","32":"purchasable","33":"product-type-simple"},"acf":[],"_links":{"self":[{"href":"https:\/\/innocentiemangonipiante.it\/de\/wp-json\/wp\/v2\/product\/27864","targetHints":{"allow":["GET"]}}],"collection":[{"href":"https:\/\/innocentiemangonipiante.it\/de\/wp-json\/wp\/v2\/product"}],"about":[{"href":"https:\/\/innocentiemangonipiante.it\/de\/wp-json\/wp\/v2\/types\/product"}],"wp:featuredmedia":[{"embeddable":true,"href":"https:\/\/innocentiemangonipiante.it\/de\/wp-json\/wp\/v2\/media\/33316"}],"wp:attachment":[{"href":"https:\/\/innocentiemangonipiante.it\/de\/wp-json\/wp\/v2\/media?parent=27864"}],"wp:term":[{"taxonomy":"product_brand","embeddable":true,"href":"https:\/\/innocentiemangonipiante.it\/de\/wp-json\/wp\/v2\/product_brand?post=27864"},{"taxonomy":"product_cat","embeddable":true,"href":"https:\/\/innocentiemangonipiante.it\/de\/wp-json\/wp\/v2\/product_cat?post=27864"},{"taxonomy":"product_tag","embeddable":true,"href":"https:\/\/innocentiemangonipiante.it\/de\/wp-json\/wp\/v2\/product_tag?post=27864"}],"curies":[{"name":"wp","href":"https:\/\/api.w.org\/{rel}","templated":true}]}}