{"id":27881,"date":"2023-11-03T23:28:54","date_gmt":"2023-11-03T22:28:54","guid":{"rendered":"http:\/\/innocentiemangonipiante.it\/amygdalus-vulgaris-nano\/"},"modified":"2023-11-06T17:22:00","modified_gmt":"2023-11-06T16:22:00","slug":"amygdalus-vulgaris-nano","status":"publish","type":"product","link":"https:\/\/innocentiemangonipiante.it\/de\/amygdalus-vulgaris-nano\/","title":{"rendered":"AMYGDALUS vulgaris nano"},"content":{"rendered":"<p>Zwergsorte mit weicher Schale, die regelm\u00e4\u00dfig Fr\u00fcchte tr\u00e4gt und eine sch\u00f6ne Bl\u00fcte hervorbringt. Es kann in einem Topf leben.<\/p>\n","protected":false},"excerpt":{"rendered":"<p>Zwergsorte mit weicher Schale, die regelm\u00e4\u00dfig Fr\u00fcchte tr\u00e4gt und eine sch\u00f6ne Bl\u00fcte hervorbringt. Es kann in einem Topf leben.<\/p>\n","protected":false},"featured_media":20438,"template":"","meta":{"_acf_changed":false},"product_brand":[],"product_cat":[8318],"product_tag":[10898,8736],"class_list":{"0":"post-27881","1":"product","2":"type-product","3":"status-publish","4":"has-post-thumbnail","6":"product_cat-keine-kategorie","7":"product_tag-naturlichen","8":"product_tag-fusstamm","9":"pa_altezza-massima-200-de","10":"pa_altezza-massima-400-de","11":"pa_arte-topiaria-verfuegbar-formgehoelze","12":"pa_colore-fioritura-rose-de","13":"pa_condizionamento-viereckigertops","14":"pa_famiglia-rosaceae-de","15":"pa_genere-amygdalus-de","16":"pa_origine-europe-de","17":"pa_periodo-fioritura-februar","18":"pa_periodo-fioritura-maerz","19":"pa_periodo-fruttificazione-september-de","20":"pa_portamento-arrotondato-de","21":"pa_profumo-zart","22":"pa_resistenza-climatica-sehr-hoch","23":"pa_utilizzo-balkone","24":"pa_utilizzo-kleine-gaerten","25":"pa_utilizzo-parks-de","27":"first","28":"instock","29":"purchasable","30":"product-type-simple"},"acf":[],"_links":{"self":[{"href":"https:\/\/innocentiemangonipiante.it\/de\/wp-json\/wp\/v2\/product\/27881","targetHints":{"allow":["GET"]}}],"collection":[{"href":"https:\/\/innocentiemangonipiante.it\/de\/wp-json\/wp\/v2\/product"}],"about":[{"href":"https:\/\/innocentiemangonipiante.it\/de\/wp-json\/wp\/v2\/types\/product"}],"wp:featuredmedia":[{"embeddable":true,"href":"https:\/\/innocentiemangonipiante.it\/de\/wp-json\/wp\/v2\/media\/20438"}],"wp:attachment":[{"href":"https:\/\/innocentiemangonipiante.it\/de\/wp-json\/wp\/v2\/media?parent=27881"}],"wp:term":[{"taxonomy":"product_brand","embeddable":true,"href":"https:\/\/innocentiemangonipiante.it\/de\/wp-json\/wp\/v2\/product_brand?post=27881"},{"taxonomy":"product_cat","embeddable":true,"href":"https:\/\/innocentiemangonipiante.it\/de\/wp-json\/wp\/v2\/product_cat?post=27881"},{"taxonomy":"product_tag","embeddable":true,"href":"https:\/\/innocentiemangonipiante.it\/de\/wp-json\/wp\/v2\/product_tag?post=27881"}],"curies":[{"name":"wp","href":"https:\/\/api.w.org\/{rel}","templated":true}]}}