{"id":27885,"date":"2023-11-03T23:29:07","date_gmt":"2023-11-03T22:29:07","guid":{"rendered":"http:\/\/innocentiemangonipiante.it\/anemone-hybrida-loreley\/"},"modified":"2023-11-06T17:22:16","modified_gmt":"2023-11-06T16:22:16","slug":"anemone-hybrida-loreley","status":"publish","type":"product","link":"https:\/\/innocentiemangonipiante.it\/de\/anemone-hybrida-loreley\/","title":{"rendered":"ANEMONE hybrida &#8218;Loreley&#8216;"},"content":{"rendered":"<p>Aufrechte, krautige Staude. Dunkelgr\u00fcne Bl\u00e4tter, rosa Bl\u00fcte im Fr\u00fchling.<\/p>\n","protected":false},"excerpt":{"rendered":"<p>Aufrechte, krautige Staude. Dunkelgr\u00fcne Bl\u00e4tter, rosa Bl\u00fcte im Fr\u00fchling.<\/p>\n","protected":false},"featured_media":20450,"template":"","meta":{"_acf_changed":false},"product_brand":[],"product_cat":[8829],"product_tag":[10898],"class_list":{"0":"post-27885","1":"product","2":"type-product","3":"status-publish","4":"has-post-thumbnail","6":"product_cat-mehrjahrige-krauter","7":"product_tag-naturlichen","8":"pa_altezza-massima-0_60-meter","9":"pa_altezza-massima-100-de","10":"pa_colore-fioritura-rose-de","11":"pa_condizionamento-clt-de","12":"pa_famiglia-ranunculaceae-de","13":"pa_genere-anemone-de","14":"pa_origine-japan-de","15":"pa_periodo-fioritura-august-de","16":"pa_periodo-fioritura-oktober","17":"pa_periodo-fioritura-september-de","18":"pa_portamento-eretto-de","19":"pa_resistenza-climatica-sehr-hoch","20":"pa_resistenza-del-suolo-bestandig-gegen-kalkhaltige-boden","21":"pa_utilizzo-bordueren","22":"pa_utilizzo-kleine-gaerten","24":"first","25":"instock","26":"purchasable","27":"product-type-simple"},"acf":[],"_links":{"self":[{"href":"https:\/\/innocentiemangonipiante.it\/de\/wp-json\/wp\/v2\/product\/27885","targetHints":{"allow":["GET"]}}],"collection":[{"href":"https:\/\/innocentiemangonipiante.it\/de\/wp-json\/wp\/v2\/product"}],"about":[{"href":"https:\/\/innocentiemangonipiante.it\/de\/wp-json\/wp\/v2\/types\/product"}],"wp:featuredmedia":[{"embeddable":true,"href":"https:\/\/innocentiemangonipiante.it\/de\/wp-json\/wp\/v2\/media\/20450"}],"wp:attachment":[{"href":"https:\/\/innocentiemangonipiante.it\/de\/wp-json\/wp\/v2\/media?parent=27885"}],"wp:term":[{"taxonomy":"product_brand","embeddable":true,"href":"https:\/\/innocentiemangonipiante.it\/de\/wp-json\/wp\/v2\/product_brand?post=27885"},{"taxonomy":"product_cat","embeddable":true,"href":"https:\/\/innocentiemangonipiante.it\/de\/wp-json\/wp\/v2\/product_cat?post=27885"},{"taxonomy":"product_tag","embeddable":true,"href":"https:\/\/innocentiemangonipiante.it\/de\/wp-json\/wp\/v2\/product_tag?post=27885"}],"curies":[{"name":"wp","href":"https:\/\/api.w.org\/{rel}","templated":true}]}}