{"id":27888,"date":"2023-11-03T23:29:21","date_gmt":"2023-11-03T22:29:21","guid":{"rendered":"http:\/\/innocentiemangonipiante.it\/aquilegia-red-hobbit\/"},"modified":"2023-11-06T17:22:22","modified_gmt":"2023-11-06T16:22:22","slug":"aquilegia-red-hobbit","status":"publish","type":"product","link":"https:\/\/innocentiemangonipiante.it\/de\/aquilegia-red-hobbit\/","title":{"rendered":"AQUILEGIA &#8218;Red Hobbit&#8216;"},"content":{"rendered":"<p>Staude mit dunkelgr\u00fcnem Laub. Die Bl\u00fcten sind rot mit wei\u00dfer Krone und \u00f6ffnen sich zwischen Fr\u00fchling und Sommer.<\/p>\n","protected":false},"excerpt":{"rendered":"<p>Staude mit dunkelgr\u00fcnem Laub. Die Bl\u00fcten sind rot mit wei\u00dfer Krone und \u00f6ffnen sich zwischen Fr\u00fchling und Sommer.<\/p>\n","protected":false},"featured_media":20462,"template":"","meta":{"_acf_changed":false},"product_brand":[],"product_cat":[8829],"product_tag":[10898],"class_list":{"0":"post-27888","1":"product","2":"type-product","3":"status-publish","4":"has-post-thumbnail","6":"product_cat-mehrjahrige-krauter","7":"product_tag-naturlichen","8":"pa_altezza-massima-0_30-meter","9":"pa_altezza-massima-0_40-meter","10":"pa_colore-fioritura-rot","11":"pa_condizionamento-clt-de","12":"pa_famiglia-ranunculaceae-de","13":"pa_genere-aquilegia-de","14":"pa_origine-ostasien","15":"pa_periodo-fioritura-juni","16":"pa_periodo-fioritura-mai-de","17":"pa_portamento-eretto-de","18":"pa_resistenza-climatica-sehr-hoch","19":"pa_resistenza-del-suolo-bestandig-gegen-kalkhaltige-boden","20":"pa_resistenza-del-suolo-bestandigkeit-auf-feuchten-boden","21":"pa_utilizzo-bordueren","22":"pa_utilizzo-kleine-gaerten","24":"first","25":"instock","26":"purchasable","27":"product-type-simple"},"acf":[],"_links":{"self":[{"href":"https:\/\/innocentiemangonipiante.it\/de\/wp-json\/wp\/v2\/product\/27888","targetHints":{"allow":["GET"]}}],"collection":[{"href":"https:\/\/innocentiemangonipiante.it\/de\/wp-json\/wp\/v2\/product"}],"about":[{"href":"https:\/\/innocentiemangonipiante.it\/de\/wp-json\/wp\/v2\/types\/product"}],"wp:featuredmedia":[{"embeddable":true,"href":"https:\/\/innocentiemangonipiante.it\/de\/wp-json\/wp\/v2\/media\/20462"}],"wp:attachment":[{"href":"https:\/\/innocentiemangonipiante.it\/de\/wp-json\/wp\/v2\/media?parent=27888"}],"wp:term":[{"taxonomy":"product_brand","embeddable":true,"href":"https:\/\/innocentiemangonipiante.it\/de\/wp-json\/wp\/v2\/product_brand?post=27888"},{"taxonomy":"product_cat","embeddable":true,"href":"https:\/\/innocentiemangonipiante.it\/de\/wp-json\/wp\/v2\/product_cat?post=27888"},{"taxonomy":"product_tag","embeddable":true,"href":"https:\/\/innocentiemangonipiante.it\/de\/wp-json\/wp\/v2\/product_tag?post=27888"}],"curies":[{"name":"wp","href":"https:\/\/api.w.org\/{rel}","templated":true}]}}