{"id":27891,"date":"2023-11-03T23:29:33","date_gmt":"2023-11-03T22:29:33","guid":{"rendered":"http:\/\/innocentiemangonipiante.it\/aquilegia-canadensis\/"},"modified":"2023-11-06T17:22:30","modified_gmt":"2023-11-06T16:22:30","slug":"aquilegia-canadensis","status":"publish","type":"product","link":"https:\/\/innocentiemangonipiante.it\/de\/aquilegia-canadensis\/","title":{"rendered":"AQUILEGIA canadensis"},"content":{"rendered":"<p>Winterharte Staude. Zu Beginn des Sommers bildet sie glockenf\u00f6rmige Bl\u00fcten mit gelben Kelchbl\u00e4ttern und roten Spornen an Stielen, die sich von dunkelgr\u00fcnen, farnartigen Bl\u00e4ttern abheben.<\/p>\n","protected":false},"excerpt":{"rendered":"<p>Winterharte Staude. Zu Beginn des Sommers bildet sie glockenf\u00f6rmige Bl\u00fcten mit gelben Kelchbl\u00e4ttern und roten Spornen an Stielen, die sich von dunkelgr\u00fcnen, farnartigen Bl\u00e4ttern abheben.<\/p>\n","protected":false},"featured_media":20474,"template":"","meta":{"_acf_changed":false},"product_brand":[],"product_cat":[8829],"product_tag":[10898],"class_list":{"0":"post-27891","1":"product","2":"type-product","3":"status-publish","4":"has-post-thumbnail","6":"product_cat-mehrjahrige-krauter","7":"product_tag-naturlichen","8":"pa_altezza-massima-0_50-meter","9":"pa_altezza-massima-0_60-meter","10":"pa_condizionamento-clt-de","11":"pa_famiglia-ranunculaceae-de","12":"pa_genere-aquilegia-de","13":"pa_origine-europe-de","14":"pa_periodo-fioritura-april-de","15":"pa_periodo-fioritura-juni","16":"pa_periodo-fioritura-mai-de","17":"pa_portamento-eretto-de","18":"pa_resistenza-climatica-sehr-hoch","19":"pa_resistenza-del-suolo-bestandig-gegen-kalkhaltige-boden","20":"pa_utilizzo-bordueren","21":"pa_utilizzo-kleine-gaerten","23":"first","24":"instock","25":"purchasable","26":"product-type-simple"},"acf":[],"_links":{"self":[{"href":"https:\/\/innocentiemangonipiante.it\/de\/wp-json\/wp\/v2\/product\/27891","targetHints":{"allow":["GET"]}}],"collection":[{"href":"https:\/\/innocentiemangonipiante.it\/de\/wp-json\/wp\/v2\/product"}],"about":[{"href":"https:\/\/innocentiemangonipiante.it\/de\/wp-json\/wp\/v2\/types\/product"}],"wp:featuredmedia":[{"embeddable":true,"href":"https:\/\/innocentiemangonipiante.it\/de\/wp-json\/wp\/v2\/media\/20474"}],"wp:attachment":[{"href":"https:\/\/innocentiemangonipiante.it\/de\/wp-json\/wp\/v2\/media?parent=27891"}],"wp:term":[{"taxonomy":"product_brand","embeddable":true,"href":"https:\/\/innocentiemangonipiante.it\/de\/wp-json\/wp\/v2\/product_brand?post=27891"},{"taxonomy":"product_cat","embeddable":true,"href":"https:\/\/innocentiemangonipiante.it\/de\/wp-json\/wp\/v2\/product_cat?post=27891"},{"taxonomy":"product_tag","embeddable":true,"href":"https:\/\/innocentiemangonipiante.it\/de\/wp-json\/wp\/v2\/product_tag?post=27891"}],"curies":[{"name":"wp","href":"https:\/\/api.w.org\/{rel}","templated":true}]}}