{"id":27892,"date":"2023-11-03T23:29:39","date_gmt":"2023-11-03T22:29:39","guid":{"rendered":"http:\/\/innocentiemangonipiante.it\/aralia-elata\/"},"modified":"2023-11-06T17:22:33","modified_gmt":"2023-11-06T16:22:33","slug":"aralia-elata","status":"publish","type":"product","link":"https:\/\/innocentiemangonipiante.it\/de\/aralia-elata\/","title":{"rendered":"ARALIA elata"},"content":{"rendered":"<p>Laubbaum oder Suffruticose-Strauch mit sp\u00e4rlichen, starren, dornigen St\u00e4mmen. Gro\u00dfe dunkelgr\u00fcne Bl\u00e4tter mit paarigen ovalen Bl\u00e4ttchen. Im Sp\u00e4tsommer oder Herbst bringt sie geschwollene K\u00f6pfe mit winzigen wei\u00dfen Bl\u00fcten hervor, die eine gro\u00dfe Rispe bilden.<\/p>\n","protected":false},"excerpt":{"rendered":"<p>Laubbaum oder Suffruticose-Strauch mit sp\u00e4rlichen, starren, dornigen St\u00e4mmen. Gro\u00dfe dunkelgr\u00fcne Bl\u00e4tter mit paarigen ovalen Bl\u00e4ttchen. Im Sp\u00e4tsommer oder Herbst bringt sie geschwollene K\u00f6pfe mit winzigen wei\u00dfen Bl\u00fcten hervor, die eine gro\u00dfe Rispe bilden.<\/p>\n","protected":false},"featured_media":20480,"template":"","meta":{"_acf_changed":false},"product_brand":[],"product_cat":[8816],"product_tag":[10898],"class_list":{"0":"post-27892","1":"product","2":"type-product","3":"status-publish","4":"has-post-thumbnail","6":"product_cat-hartnaeckige-baeume-und-straeucher","7":"product_tag-naturlichen","8":"pa_altezza-massima-1000-de-2","9":"pa_colore-fioritura-weis","10":"pa_famiglia-araliaceae-de","11":"pa_genere-aralia-de","12":"pa_origine-russia-de","13":"pa_periodo-fioritura-august-de","14":"pa_periodo-fioritura-september-de","15":"pa_portamento-piramidale-de","16":"pa_resistenza-climatica-sehr-hoch","17":"pa_resistenza-del-suolo-bestandig-gegen-kalkhaltige-boden","18":"pa_utilizzo-kleine-gaerten","19":"pa_utilizzo-parks-de","21":"first","22":"instock","23":"purchasable","24":"product-type-simple"},"acf":[],"_links":{"self":[{"href":"https:\/\/innocentiemangonipiante.it\/de\/wp-json\/wp\/v2\/product\/27892","targetHints":{"allow":["GET"]}}],"collection":[{"href":"https:\/\/innocentiemangonipiante.it\/de\/wp-json\/wp\/v2\/product"}],"about":[{"href":"https:\/\/innocentiemangonipiante.it\/de\/wp-json\/wp\/v2\/types\/product"}],"wp:featuredmedia":[{"embeddable":true,"href":"https:\/\/innocentiemangonipiante.it\/de\/wp-json\/wp\/v2\/media\/20480"}],"wp:attachment":[{"href":"https:\/\/innocentiemangonipiante.it\/de\/wp-json\/wp\/v2\/media?parent=27892"}],"wp:term":[{"taxonomy":"product_brand","embeddable":true,"href":"https:\/\/innocentiemangonipiante.it\/de\/wp-json\/wp\/v2\/product_brand?post=27892"},{"taxonomy":"product_cat","embeddable":true,"href":"https:\/\/innocentiemangonipiante.it\/de\/wp-json\/wp\/v2\/product_cat?post=27892"},{"taxonomy":"product_tag","embeddable":true,"href":"https:\/\/innocentiemangonipiante.it\/de\/wp-json\/wp\/v2\/product_tag?post=27892"}],"curies":[{"name":"wp","href":"https:\/\/api.w.org\/{rel}","templated":true}]}}