{"id":27893,"date":"2023-11-03T23:29:51","date_gmt":"2023-11-03T22:29:51","guid":{"rendered":"http:\/\/innocentiemangonipiante.it\/araucaria-excelsa\/"},"modified":"2023-11-06T17:22:43","modified_gmt":"2023-11-06T16:22:43","slug":"araucaria-excelsa","status":"publish","type":"product","link":"https:\/\/innocentiemangonipiante.it\/de\/araucaria-excelsa\/","title":{"rendered":"ARAUCARIA excelsa"},"content":{"rendered":"<p>Sch\u00f6ne Konifere mit kegelf\u00f6rmigem Wuchs und F\u00e4cherf\u00f6rmigen Bl\u00e4ttern.<\/p>\n","protected":false},"excerpt":{"rendered":"<p>Sch\u00f6ne Konifere mit kegelf\u00f6rmigem Wuchs und F\u00e4cherf\u00f6rmigen Bl\u00e4ttern.<\/p>\n","protected":false},"featured_media":20486,"template":"","meta":{"_acf_changed":false},"product_brand":[],"product_cat":[8825],"product_tag":[10898],"class_list":{"0":"post-27893","1":"product","2":"type-product","3":"status-publish","4":"has-post-thumbnail","6":"product_cat-koniferen","7":"product_tag-naturlichen","8":"pa_altezza-massima-30-meter","9":"pa_altezza-massima-40-meter","10":"pa_famiglia-araucariaceae-de","11":"pa_genere-araucaria-de","12":"pa_origine-australien","13":"pa_origine-neuseeland-de","14":"pa_portamento-piramidale-de","15":"pa_resistenza-climatica-pflanzen-mit-geringem-klimawiderstand","16":"pa_resistenza-del-suolo-bestandig-gegen-trockene-boden","17":"pa_salinita-bestaendigkeit-in-meeresluft","18":"pa_utilizzo-parks-de","20":"first","21":"instock","22":"purchasable","23":"product-type-simple"},"acf":[],"_links":{"self":[{"href":"https:\/\/innocentiemangonipiante.it\/de\/wp-json\/wp\/v2\/product\/27893","targetHints":{"allow":["GET"]}}],"collection":[{"href":"https:\/\/innocentiemangonipiante.it\/de\/wp-json\/wp\/v2\/product"}],"about":[{"href":"https:\/\/innocentiemangonipiante.it\/de\/wp-json\/wp\/v2\/types\/product"}],"wp:featuredmedia":[{"embeddable":true,"href":"https:\/\/innocentiemangonipiante.it\/de\/wp-json\/wp\/v2\/media\/20486"}],"wp:attachment":[{"href":"https:\/\/innocentiemangonipiante.it\/de\/wp-json\/wp\/v2\/media?parent=27893"}],"wp:term":[{"taxonomy":"product_brand","embeddable":true,"href":"https:\/\/innocentiemangonipiante.it\/de\/wp-json\/wp\/v2\/product_brand?post=27893"},{"taxonomy":"product_cat","embeddable":true,"href":"https:\/\/innocentiemangonipiante.it\/de\/wp-json\/wp\/v2\/product_cat?post=27893"},{"taxonomy":"product_tag","embeddable":true,"href":"https:\/\/innocentiemangonipiante.it\/de\/wp-json\/wp\/v2\/product_tag?post=27893"}],"curies":[{"name":"wp","href":"https:\/\/api.w.org\/{rel}","templated":true}]}}