{"id":27895,"date":"2023-11-03T23:30:22","date_gmt":"2023-11-03T22:30:22","guid":{"rendered":"http:\/\/innocentiemangonipiante.it\/arbutus-unedo-rubra\/"},"modified":"2023-11-06T17:24:11","modified_gmt":"2023-11-06T16:24:11","slug":"arbutus-unedo-rubra","status":"publish","type":"product","link":"https:\/\/innocentiemangonipiante.it\/de\/arbutus-unedo-rubra\/","title":{"rendered":"ARBUTUS unedo &#8218;Rubra&#8216;"},"content":{"rendered":"<p>W\u00e4chst langsamer wie Arbutus unedo. Das neue Laub ist beim Austrieb rotfarbig. Die weiss-rosa-lilafarbige Bl\u00fcte erscheint in Oktober-November. Die Fr\u00fcchten sind dunkelrotfarbig.<\/p>\n","protected":false},"excerpt":{"rendered":"<p>W\u00e4chst langsamer wie Arbutus unedo. Das neue Laub ist beim Austrieb rotfarbig. Die weiss-rosa-lilafarbige Bl\u00fcte erscheint in Oktober-November. Die Fr\u00fcchten sind dunkelrotfarbig.<\/p>\n","protected":false},"featured_media":20498,"template":"","meta":{"_acf_changed":false},"product_brand":[],"product_cat":[8816],"product_tag":[10898],"class_list":{"0":"post-27895","1":"product","2":"type-product","3":"status-publish","4":"has-post-thumbnail","6":"product_cat-hartnaeckige-baeume-und-straeucher","7":"product_tag-naturlichen","8":"pa_altezza-massima-300-de","9":"pa_altezza-massima-500-de","10":"pa_colore-delle-foglie-roten","11":"pa_colore-fioritura-weis","12":"pa_famiglia-ericaceae-de","13":"pa_genere-arbutus-de","14":"pa_origine-alps-de","15":"pa_periodo-fioritura-november-de","16":"pa_periodo-fioritura-oktober","17":"pa_periodo-fruttificazione-november-de","18":"pa_portamento-arrotondato-de","19":"pa_resistenza-climatica-mittel-hoch","20":"pa_resistenza-del-suolo-bestandig-gegen-kalkhaltige-boden","21":"pa_resistenza-del-suolo-bestandig-gegen-trockene-boden","22":"pa_salinita-bestaendigkeit-in-meeresluft","23":"pa_utilizzo-kleine-gaerten","24":"pa_utilizzo-parks-de","26":"first","27":"instock","28":"purchasable","29":"product-type-simple"},"acf":[],"_links":{"self":[{"href":"https:\/\/innocentiemangonipiante.it\/de\/wp-json\/wp\/v2\/product\/27895","targetHints":{"allow":["GET"]}}],"collection":[{"href":"https:\/\/innocentiemangonipiante.it\/de\/wp-json\/wp\/v2\/product"}],"about":[{"href":"https:\/\/innocentiemangonipiante.it\/de\/wp-json\/wp\/v2\/types\/product"}],"wp:featuredmedia":[{"embeddable":true,"href":"https:\/\/innocentiemangonipiante.it\/de\/wp-json\/wp\/v2\/media\/20498"}],"wp:attachment":[{"href":"https:\/\/innocentiemangonipiante.it\/de\/wp-json\/wp\/v2\/media?parent=27895"}],"wp:term":[{"taxonomy":"product_brand","embeddable":true,"href":"https:\/\/innocentiemangonipiante.it\/de\/wp-json\/wp\/v2\/product_brand?post=27895"},{"taxonomy":"product_cat","embeddable":true,"href":"https:\/\/innocentiemangonipiante.it\/de\/wp-json\/wp\/v2\/product_cat?post=27895"},{"taxonomy":"product_tag","embeddable":true,"href":"https:\/\/innocentiemangonipiante.it\/de\/wp-json\/wp\/v2\/product_tag?post=27895"}],"curies":[{"name":"wp","href":"https:\/\/api.w.org\/{rel}","templated":true}]}}