{"id":27896,"date":"2023-11-03T23:30:34","date_gmt":"2023-11-03T22:30:34","guid":{"rendered":"http:\/\/innocentiemangonipiante.it\/arecastrum-romanzoffiano\/"},"modified":"2023-11-06T17:24:17","modified_gmt":"2023-11-06T16:24:17","slug":"arecastrum-romanzoffiano","status":"publish","type":"product","link":"https:\/\/innocentiemangonipiante.it\/de\/arecastrum-romanzoffiano\/","title":{"rendered":"ARECASTRUM romanzoffiano"},"content":{"rendered":"<p>Immergr\u00fcne Palme mit d\u00fcnnem Stamm und sehr l\u00e4nglich gefiederten und gew\u00f6lbten dunkelgr\u00fcnen Bl\u00e4ttern. Im Sommer bilden sich bis zu 2 Meter lange Rispen aus gelben Bl\u00fctenst\u00e4nden.<\/p>\n","protected":false},"excerpt":{"rendered":"<p>Immergr\u00fcne Palme mit d\u00fcnnem Stamm und sehr l\u00e4nglich gefiederten und gew\u00f6lbten dunkelgr\u00fcnen Bl\u00e4ttern. Im Sommer bilden sich bis zu 2 Meter lange Rispen aus gelben Bl\u00fctenst\u00e4nden.<\/p>\n","protected":false},"featured_media":0,"template":"","meta":{"_acf_changed":false},"product_brand":[],"product_cat":[8832],"product_tag":[10898],"class_list":{"0":"post-27896","1":"product","2":"type-product","3":"status-publish","5":"product_cat-palmartig-und-saftig","6":"product_tag-naturlichen","7":"pa_altezza-massima-1000-de-2","8":"pa_altezza-massima-12-meter","9":"pa_colore-fioritura-gelbe","10":"pa_famiglia-palmae-de","11":"pa_genere-arecastrum-de","12":"pa_origine-brasilien","13":"pa_periodo-fioritura-august-de","14":"pa_periodo-fioritura-juli","15":"pa_portamento-eretto-de","16":"pa_resistenza-climatica-pflanzen-mit-geringem-klimawiderstand","17":"pa_resistenza-del-suolo-bestandig-gegen-trockene-boden","18":"pa_utilizzo-parks-de","20":"first","21":"instock","22":"purchasable","23":"product-type-simple"},"acf":[],"_links":{"self":[{"href":"https:\/\/innocentiemangonipiante.it\/de\/wp-json\/wp\/v2\/product\/27896","targetHints":{"allow":["GET"]}}],"collection":[{"href":"https:\/\/innocentiemangonipiante.it\/de\/wp-json\/wp\/v2\/product"}],"about":[{"href":"https:\/\/innocentiemangonipiante.it\/de\/wp-json\/wp\/v2\/types\/product"}],"wp:attachment":[{"href":"https:\/\/innocentiemangonipiante.it\/de\/wp-json\/wp\/v2\/media?parent=27896"}],"wp:term":[{"taxonomy":"product_brand","embeddable":true,"href":"https:\/\/innocentiemangonipiante.it\/de\/wp-json\/wp\/v2\/product_brand?post=27896"},{"taxonomy":"product_cat","embeddable":true,"href":"https:\/\/innocentiemangonipiante.it\/de\/wp-json\/wp\/v2\/product_cat?post=27896"},{"taxonomy":"product_tag","embeddable":true,"href":"https:\/\/innocentiemangonipiante.it\/de\/wp-json\/wp\/v2\/product_tag?post=27896"}],"curies":[{"name":"wp","href":"https:\/\/api.w.org\/{rel}","templated":true}]}}