{"id":27897,"date":"2023-11-03T23:30:49","date_gmt":"2023-11-03T22:30:49","guid":{"rendered":"http:\/\/innocentiemangonipiante.it\/armeria-maritima-alba\/"},"modified":"2023-11-06T17:24:22","modified_gmt":"2023-11-06T16:24:22","slug":"armeria-maritima-alba","status":"publish","type":"product","link":"https:\/\/innocentiemangonipiante.it\/de\/armeria-maritima-alba\/","title":{"rendered":"ARMERIA maritima &#8218;Alba&#8216;"},"content":{"rendered":"<p>Rustikale immergr\u00fcne Staude. Wei\u00dfe Bl\u00fcte im Fr\u00fchsommer.<\/p>\n","protected":false},"excerpt":{"rendered":"<p>Rustikale immergr\u00fcne Staude. Wei\u00dfe Bl\u00fcte im Fr\u00fchsommer.<\/p>\n","protected":false},"featured_media":20505,"template":"","meta":{"_acf_changed":false},"product_brand":[],"product_cat":[8829],"product_tag":[10898],"class_list":{"0":"post-27897","1":"product","2":"type-product","3":"status-publish","4":"has-post-thumbnail","6":"product_cat-mehrjahrige-krauter","7":"product_tag-naturlichen","8":"pa_altezza-massima-010-de","9":"pa_altezza-massima-0_15-meter","10":"pa_colore-fioritura-weis","11":"pa_condizionamento-clt-de","12":"pa_famiglia-plumbaginaceae-de","13":"pa_genere-armeria-de","14":"pa_origine-europe-de","15":"pa_periodo-fioritura-juli","16":"pa_periodo-fioritura-juni","17":"pa_periodo-fioritura-mai-de","18":"pa_portamento-allargato-de","19":"pa_resistenza-climatica-sehr-hoch","20":"pa_resistenza-del-suolo-bestandig-gegen-kalkhaltige-boden","21":"pa_utilizzo-bordueren","23":"first","24":"instock","25":"purchasable","26":"product-type-simple"},"acf":[],"_links":{"self":[{"href":"https:\/\/innocentiemangonipiante.it\/de\/wp-json\/wp\/v2\/product\/27897","targetHints":{"allow":["GET"]}}],"collection":[{"href":"https:\/\/innocentiemangonipiante.it\/de\/wp-json\/wp\/v2\/product"}],"about":[{"href":"https:\/\/innocentiemangonipiante.it\/de\/wp-json\/wp\/v2\/types\/product"}],"wp:featuredmedia":[{"embeddable":true,"href":"https:\/\/innocentiemangonipiante.it\/de\/wp-json\/wp\/v2\/media\/20505"}],"wp:attachment":[{"href":"https:\/\/innocentiemangonipiante.it\/de\/wp-json\/wp\/v2\/media?parent=27897"}],"wp:term":[{"taxonomy":"product_brand","embeddable":true,"href":"https:\/\/innocentiemangonipiante.it\/de\/wp-json\/wp\/v2\/product_brand?post=27897"},{"taxonomy":"product_cat","embeddable":true,"href":"https:\/\/innocentiemangonipiante.it\/de\/wp-json\/wp\/v2\/product_cat?post=27897"},{"taxonomy":"product_tag","embeddable":true,"href":"https:\/\/innocentiemangonipiante.it\/de\/wp-json\/wp\/v2\/product_tag?post=27897"}],"curies":[{"name":"wp","href":"https:\/\/api.w.org\/{rel}","templated":true}]}}