{"id":27898,"date":"2023-11-03T23:30:55","date_gmt":"2023-11-03T22:30:55","guid":{"rendered":"http:\/\/innocentiemangonipiante.it\/armeria-maritima-splendens\/"},"modified":"2023-11-06T17:24:25","modified_gmt":"2023-11-06T16:24:25","slug":"armeria-maritima-splendens","status":"publish","type":"product","link":"https:\/\/innocentiemangonipiante.it\/de\/armeria-maritima-splendens\/","title":{"rendered":"ARMERIA maritima &#8218;Splendens&#8216;"},"content":{"rendered":"<p>Mehrj\u00e4hrig, kompakt und rustikal mit geringem Wasserbedarf. Die intensiv rosafarbenen, fast roten, pomponartigen Bl\u00fcten bl\u00fchen zwischen Mai und Juni.<\/p>\n","protected":false},"excerpt":{"rendered":"<p>Mehrj\u00e4hrig, kompakt und rustikal mit geringem Wasserbedarf. Die intensiv rosafarbenen, fast roten, pomponartigen Bl\u00fcten bl\u00fchen zwischen Mai und Juni.<\/p>\n","protected":false},"featured_media":20511,"template":"","meta":{"_acf_changed":false},"product_brand":[],"product_cat":[8829],"product_tag":[10898],"class_list":{"0":"post-27898","1":"product","2":"type-product","3":"status-publish","4":"has-post-thumbnail","6":"product_cat-mehrjahrige-krauter","7":"product_tag-naturlichen","8":"pa_altezza-massima-0_20-meter","9":"pa_altezza-massima-0_40-meter","10":"pa_colore-fioritura-rose-de","11":"pa_condizionamento-clt-de","12":"pa_famiglia-plumbaginaceae-de","13":"pa_genere-armeria-de","14":"pa_origine-america-de","15":"pa_origine-europe-de","16":"pa_periodo-fioritura-juni","17":"pa_periodo-fioritura-mai-de","18":"pa_portamento-allargato-de","19":"pa_resistenza-climatica-sehr-hoch","20":"pa_resistenza-del-suolo-bestandig-gegen-kalkhaltige-boden","21":"pa_utilizzo-bordueren","23":"first","24":"instock","25":"purchasable","26":"product-type-simple"},"acf":[],"_links":{"self":[{"href":"https:\/\/innocentiemangonipiante.it\/de\/wp-json\/wp\/v2\/product\/27898","targetHints":{"allow":["GET"]}}],"collection":[{"href":"https:\/\/innocentiemangonipiante.it\/de\/wp-json\/wp\/v2\/product"}],"about":[{"href":"https:\/\/innocentiemangonipiante.it\/de\/wp-json\/wp\/v2\/types\/product"}],"wp:featuredmedia":[{"embeddable":true,"href":"https:\/\/innocentiemangonipiante.it\/de\/wp-json\/wp\/v2\/media\/20511"}],"wp:attachment":[{"href":"https:\/\/innocentiemangonipiante.it\/de\/wp-json\/wp\/v2\/media?parent=27898"}],"wp:term":[{"taxonomy":"product_brand","embeddable":true,"href":"https:\/\/innocentiemangonipiante.it\/de\/wp-json\/wp\/v2\/product_brand?post=27898"},{"taxonomy":"product_cat","embeddable":true,"href":"https:\/\/innocentiemangonipiante.it\/de\/wp-json\/wp\/v2\/product_cat?post=27898"},{"taxonomy":"product_tag","embeddable":true,"href":"https:\/\/innocentiemangonipiante.it\/de\/wp-json\/wp\/v2\/product_tag?post=27898"}],"curies":[{"name":"wp","href":"https:\/\/api.w.org\/{rel}","templated":true}]}}