{"id":27899,"date":"2023-11-03T23:31:07","date_gmt":"2023-11-03T22:31:07","guid":{"rendered":"http:\/\/innocentiemangonipiante.it\/aronia-melanocarpa-hugin\/"},"modified":"2023-11-06T17:24:49","modified_gmt":"2023-11-06T16:24:49","slug":"aronia-melanocarpa-hugin","status":"publish","type":"product","link":"https:\/\/innocentiemangonipiante.it\/de\/aronia-melanocarpa-hugin\/","title":{"rendered":"ARONIA melanocarpa &#8218;Hugin&#8216;"},"content":{"rendered":"<p>Diese Sorte eignet sich gut an vielen Bodenarten. Weisse Bl\u00fcte im May und e\u00dfbare Fr\u00fcchte.<\/p>\n","protected":false},"excerpt":{"rendered":"<p>Diese Sorte eignet sich gut an vielen Bodenarten. Weisse Bl\u00fcte im May und e\u00dfbare Fr\u00fcchte.<\/p>\n","protected":false},"featured_media":20517,"template":"","meta":{"_acf_changed":false},"product_brand":[],"product_cat":[8813],"product_tag":[10898],"class_list":{"0":"post-27899","1":"product","2":"type-product","3":"status-publish","4":"has-post-thumbnail","6":"product_cat-laubbaume-und-straucher","7":"product_tag-naturlichen","8":"pa_altezza-massima-150-de","9":"pa_altezza-massima-200-de","10":"pa_colore-fioritura-weis","11":"pa_famiglia-rosaceae-de","12":"pa_genere-aronia-de","13":"pa_origine-u-s-a","14":"pa_periodo-fioritura-mai-de","15":"pa_periodo-fruttificazione-august-de","16":"pa_portamento-eretto-de","17":"pa_resistenza-climatica-sehr-hoch","18":"pa_salinita-bestaendigkeit-in-meeresluft","19":"pa_utilizzo-hecken","20":"pa_utilizzo-kleine-gaerten","21":"pa_utilizzo-parks-de","23":"first","24":"instock","25":"purchasable","26":"product-type-simple"},"acf":[],"_links":{"self":[{"href":"https:\/\/innocentiemangonipiante.it\/de\/wp-json\/wp\/v2\/product\/27899","targetHints":{"allow":["GET"]}}],"collection":[{"href":"https:\/\/innocentiemangonipiante.it\/de\/wp-json\/wp\/v2\/product"}],"about":[{"href":"https:\/\/innocentiemangonipiante.it\/de\/wp-json\/wp\/v2\/types\/product"}],"wp:featuredmedia":[{"embeddable":true,"href":"https:\/\/innocentiemangonipiante.it\/de\/wp-json\/wp\/v2\/media\/20517"}],"wp:attachment":[{"href":"https:\/\/innocentiemangonipiante.it\/de\/wp-json\/wp\/v2\/media?parent=27899"}],"wp:term":[{"taxonomy":"product_brand","embeddable":true,"href":"https:\/\/innocentiemangonipiante.it\/de\/wp-json\/wp\/v2\/product_brand?post=27899"},{"taxonomy":"product_cat","embeddable":true,"href":"https:\/\/innocentiemangonipiante.it\/de\/wp-json\/wp\/v2\/product_cat?post=27899"},{"taxonomy":"product_tag","embeddable":true,"href":"https:\/\/innocentiemangonipiante.it\/de\/wp-json\/wp\/v2\/product_tag?post=27899"}],"curies":[{"name":"wp","href":"https:\/\/api.w.org\/{rel}","templated":true}]}}