{"id":27900,"date":"2023-11-03T23:31:13","date_gmt":"2023-11-03T22:31:13","guid":{"rendered":"http:\/\/innocentiemangonipiante.it\/aronia-melanocarpa-viking-2\/"},"modified":"2023-11-06T17:24:52","modified_gmt":"2023-11-06T16:24:52","slug":"aronia-melanocarpa-viking","status":"publish","type":"product","link":"https:\/\/innocentiemangonipiante.it\/de\/aronia-melanocarpa-viking\/","title":{"rendered":"ARONIA melanocarpa &#8218;Viking&#8216;"},"content":{"rendered":"<p>Sommergr\u00fcner Strauch mit gl\u00e4nzenden gr\u00fcnen Bl\u00e4ttern und wei\u00dfer Bl\u00fcte im Mai. Schwarze essbare Fr\u00fcchte, die bis zum Fr\u00fchling bleiben. Sch\u00f6ne Herstf\u00e4rbung.<\/p>\n","protected":false},"excerpt":{"rendered":"<p>Sommergr\u00fcner Strauch mit gl\u00e4nzenden gr\u00fcnen Bl\u00e4ttern und wei\u00dfer Bl\u00fcte im Mai. Schwarze essbare Fr\u00fcchte, die bis zum Fr\u00fchling bleiben. Sch\u00f6ne Herstf\u00e4rbung.<\/p>\n","protected":false},"featured_media":20523,"template":"","meta":{"_acf_changed":false},"product_brand":[],"product_cat":[8813],"product_tag":[10898],"class_list":{"0":"post-27900","1":"product","2":"type-product","3":"status-publish","4":"has-post-thumbnail","6":"product_cat-laubbaume-und-straucher","7":"product_tag-naturlichen","8":"pa_altezza-massima-150-de","9":"pa_altezza-massima-200-de","10":"pa_colore-fioritura-weis","11":"pa_famiglia-rosaceae-de","12":"pa_genere-aronia-de","13":"pa_origine-nordeuropa-de-2","14":"pa_periodo-fioritura-mai-de","15":"pa_periodo-fruttificazione-august-de","16":"pa_periodo-fruttificazione-september-de","17":"pa_portamento-eretto-de","18":"pa_resistenza-climatica-sehr-hoch","19":"pa_salinita-bestaendigkeit-in-meeresluft","20":"pa_utilizzo-hecken","21":"pa_utilizzo-kleine-gaerten","22":"pa_utilizzo-parks-de","24":"first","25":"instock","26":"purchasable","27":"product-type-simple"},"acf":[],"_links":{"self":[{"href":"https:\/\/innocentiemangonipiante.it\/de\/wp-json\/wp\/v2\/product\/27900","targetHints":{"allow":["GET"]}}],"collection":[{"href":"https:\/\/innocentiemangonipiante.it\/de\/wp-json\/wp\/v2\/product"}],"about":[{"href":"https:\/\/innocentiemangonipiante.it\/de\/wp-json\/wp\/v2\/types\/product"}],"wp:featuredmedia":[{"embeddable":true,"href":"https:\/\/innocentiemangonipiante.it\/de\/wp-json\/wp\/v2\/media\/20523"}],"wp:attachment":[{"href":"https:\/\/innocentiemangonipiante.it\/de\/wp-json\/wp\/v2\/media?parent=27900"}],"wp:term":[{"taxonomy":"product_brand","embeddable":true,"href":"https:\/\/innocentiemangonipiante.it\/de\/wp-json\/wp\/v2\/product_brand?post=27900"},{"taxonomy":"product_cat","embeddable":true,"href":"https:\/\/innocentiemangonipiante.it\/de\/wp-json\/wp\/v2\/product_cat?post=27900"},{"taxonomy":"product_tag","embeddable":true,"href":"https:\/\/innocentiemangonipiante.it\/de\/wp-json\/wp\/v2\/product_tag?post=27900"}],"curies":[{"name":"wp","href":"https:\/\/api.w.org\/{rel}","templated":true}]}}