{"id":27903,"date":"2023-11-03T23:31:21","date_gmt":"2023-11-03T22:31:21","guid":{"rendered":"http:\/\/innocentiemangonipiante.it\/artemisia-arborescens-powis-castle\/"},"modified":"2023-11-06T17:25:06","modified_gmt":"2023-11-06T16:25:06","slug":"artemisia-arborescens-powis-castle","status":"publish","type":"product","link":"https:\/\/innocentiemangonipiante.it\/de\/artemisia-arborescens-powis-castle\/","title":{"rendered":"ARTEMISIA arborescens &#8218;Powis Castle&#8216;"},"content":{"rendered":"<p>Halbimmergr\u00fcne, aufrecht wachsende Suffruticosa mit holzigen Stielen und silbergrauen, farnartigen Bl\u00e4ttern. Im Sommer erscheinen unscheinbare gelbe Bl\u00fcten.<\/p>\n","protected":false},"excerpt":{"rendered":"<p>Halbimmergr\u00fcne, aufrecht wachsende Suffruticosa mit holzigen Stielen und silbergrauen, farnartigen Bl\u00e4ttern. Im Sommer erscheinen unscheinbare gelbe Bl\u00fcten.<\/p>\n","protected":false},"featured_media":20529,"template":"","meta":{"_acf_changed":false},"product_brand":[],"product_cat":[8829],"product_tag":[10898],"class_list":{"0":"post-27903","1":"product","2":"type-product","3":"status-publish","4":"has-post-thumbnail","6":"product_cat-mehrjahrige-krauter","7":"product_tag-naturlichen","8":"pa_altezza-massima-100-de","9":"pa_colore-delle-foglie-grauen","10":"pa_colore-fioritura-gelbe","11":"pa_condizionamento-clt-de","12":"pa_famiglia-asteraceae-compositae-de","13":"pa_genere-artemisia-de","14":"pa_origine-galles-de","15":"pa_periodo-fioritura-august-de","16":"pa_periodo-fioritura-juli","17":"pa_periodo-fioritura-juni","18":"pa_portamento-eretto-de","19":"pa_resistenza-climatica-mittel-hoch","20":"pa_utilizzo-bordueren","21":"pa_utilizzo-kleine-gaerten","23":"first","24":"instock","25":"purchasable","26":"product-type-simple"},"acf":[],"_links":{"self":[{"href":"https:\/\/innocentiemangonipiante.it\/de\/wp-json\/wp\/v2\/product\/27903","targetHints":{"allow":["GET"]}}],"collection":[{"href":"https:\/\/innocentiemangonipiante.it\/de\/wp-json\/wp\/v2\/product"}],"about":[{"href":"https:\/\/innocentiemangonipiante.it\/de\/wp-json\/wp\/v2\/types\/product"}],"wp:featuredmedia":[{"embeddable":true,"href":"https:\/\/innocentiemangonipiante.it\/de\/wp-json\/wp\/v2\/media\/20529"}],"wp:attachment":[{"href":"https:\/\/innocentiemangonipiante.it\/de\/wp-json\/wp\/v2\/media?parent=27903"}],"wp:term":[{"taxonomy":"product_brand","embeddable":true,"href":"https:\/\/innocentiemangonipiante.it\/de\/wp-json\/wp\/v2\/product_brand?post=27903"},{"taxonomy":"product_cat","embeddable":true,"href":"https:\/\/innocentiemangonipiante.it\/de\/wp-json\/wp\/v2\/product_cat?post=27903"},{"taxonomy":"product_tag","embeddable":true,"href":"https:\/\/innocentiemangonipiante.it\/de\/wp-json\/wp\/v2\/product_tag?post=27903"}],"curies":[{"name":"wp","href":"https:\/\/api.w.org\/{rel}","templated":true}]}}