{"id":27910,"date":"2023-11-03T23:31:51","date_gmt":"2023-11-03T22:31:51","guid":{"rendered":"http:\/\/innocentiemangonipiante.it\/aspidistra-elatior\/"},"modified":"2023-11-06T17:25:19","modified_gmt":"2023-11-06T16:25:19","slug":"aspidistra-elatior","status":"publish","type":"product","link":"https:\/\/innocentiemangonipiante.it\/de\/aspidistra-elatior\/","title":{"rendered":"ASPIDISTRA elatior"},"content":{"rendered":"<p>Immergr\u00fcne rhizomartige Staude. Bl\u00e4tter aufrecht, schmal, spitz und oval, bis zu 60 cm lang. Bringt gelegentlich cremefarbene bis violette Bl\u00fcten hervor.<\/p>\n","protected":false},"excerpt":{"rendered":"<p>Immergr\u00fcne rhizomartige Staude. Bl\u00e4tter aufrecht, schmal, spitz und oval, bis zu 60 cm lang. Bringt gelegentlich cremefarbene bis violette Bl\u00fcten hervor.<\/p>\n","protected":false},"featured_media":20548,"template":"","meta":{"_acf_changed":false},"product_brand":[],"product_cat":[8318],"product_tag":[10898],"class_list":{"0":"post-27910","1":"product","2":"type-product","3":"status-publish","4":"has-post-thumbnail","6":"product_cat-keine-kategorie","7":"product_tag-naturlichen","8":"pa_altezza-massima-0_50-meter","9":"pa_altezza-massima-0_60-meter","10":"pa_colore-fioritura-weis","11":"pa_condizionamento-clt-de","12":"pa_famiglia-liliaceae-de","13":"pa_genere-aspidistra-de","14":"pa_inquinamento-bestaendigkeit-gegen-smog","15":"pa_origine-afrika","16":"pa_origine-asien","17":"pa_periodo-fioritura-august-de","18":"pa_periodo-fioritura-juli","19":"pa_portamento-eretto-de","20":"pa_resistenza-climatica-mittel","21":"pa_resistenza-del-suolo-bestandig-gegen-kalkhaltige-boden","22":"pa_utilizzo-balkone","23":"pa_utilizzo-im-innen","24":"pa_utilizzo-kleine-gaerten","26":"first","27":"instock","28":"purchasable","29":"product-type-simple"},"acf":[],"_links":{"self":[{"href":"https:\/\/innocentiemangonipiante.it\/de\/wp-json\/wp\/v2\/product\/27910","targetHints":{"allow":["GET"]}}],"collection":[{"href":"https:\/\/innocentiemangonipiante.it\/de\/wp-json\/wp\/v2\/product"}],"about":[{"href":"https:\/\/innocentiemangonipiante.it\/de\/wp-json\/wp\/v2\/types\/product"}],"wp:featuredmedia":[{"embeddable":true,"href":"https:\/\/innocentiemangonipiante.it\/de\/wp-json\/wp\/v2\/media\/20548"}],"wp:attachment":[{"href":"https:\/\/innocentiemangonipiante.it\/de\/wp-json\/wp\/v2\/media?parent=27910"}],"wp:term":[{"taxonomy":"product_brand","embeddable":true,"href":"https:\/\/innocentiemangonipiante.it\/de\/wp-json\/wp\/v2\/product_brand?post=27910"},{"taxonomy":"product_cat","embeddable":true,"href":"https:\/\/innocentiemangonipiante.it\/de\/wp-json\/wp\/v2\/product_cat?post=27910"},{"taxonomy":"product_tag","embeddable":true,"href":"https:\/\/innocentiemangonipiante.it\/de\/wp-json\/wp\/v2\/product_tag?post=27910"}],"curies":[{"name":"wp","href":"https:\/\/api.w.org\/{rel}","templated":true}]}}