{"id":27917,"date":"2023-11-03T23:32:16","date_gmt":"2023-11-03T22:32:16","guid":{"rendered":"http:\/\/innocentiemangonipiante.it\/aster-dumosus-schneekissen\/"},"modified":"2023-11-06T17:25:32","modified_gmt":"2023-11-06T16:25:32","slug":"aster-dumosus-schneekissen","status":"publish","type":"product","link":"https:\/\/innocentiemangonipiante.it\/de\/aster-dumosus-schneekissen\/","title":{"rendered":"ASTER dumosus &#8218;Schneekissen&#8216;"},"content":{"rendered":"<p>Mehrj\u00e4hrige, laubabwerfende, krautige Pflanze von guter Rustikalit\u00e4t, allgemein Septembrina genannt. Buschiger Wuchs, wei\u00dfe Bl\u00fcte.<\/p>\n","protected":false},"excerpt":{"rendered":"<p>Mehrj\u00e4hrige, laubabwerfende, krautige Pflanze von guter Rustikalit\u00e4t, allgemein Septembrina genannt. Buschiger Wuchs, wei\u00dfe Bl\u00fcte.<\/p>\n","protected":false},"featured_media":20567,"template":"","meta":{"_acf_changed":false},"product_brand":[],"product_cat":[8318],"product_tag":[10898],"class_list":{"0":"post-27917","1":"product","2":"type-product","3":"status-publish","4":"has-post-thumbnail","6":"product_cat-keine-kategorie","7":"product_tag-naturlichen","8":"pa_altezza-massima-0_30-meter","9":"pa_altezza-massima-035-de","10":"pa_colore-fioritura-weis","11":"pa_condizionamento-clt-de","12":"pa_famiglia-asteraceae-compositae-de","13":"pa_genere-aster-de","14":"pa_origine-america-de","15":"pa_periodo-fioritura-oktober","16":"pa_periodo-fioritura-september-de","17":"pa_portamento-eretto-de","18":"pa_resistenza-climatica-sehr-hoch","19":"pa_resistenza-del-suolo-bestandig-gegen-trockene-boden","20":"pa_utilizzo-balkone","21":"pa_utilizzo-bordueren","22":"pa_utilizzo-kleine-gaerten","24":"first","25":"instock","26":"purchasable","27":"product-type-simple"},"acf":[],"_links":{"self":[{"href":"https:\/\/innocentiemangonipiante.it\/de\/wp-json\/wp\/v2\/product\/27917","targetHints":{"allow":["GET"]}}],"collection":[{"href":"https:\/\/innocentiemangonipiante.it\/de\/wp-json\/wp\/v2\/product"}],"about":[{"href":"https:\/\/innocentiemangonipiante.it\/de\/wp-json\/wp\/v2\/types\/product"}],"wp:featuredmedia":[{"embeddable":true,"href":"https:\/\/innocentiemangonipiante.it\/de\/wp-json\/wp\/v2\/media\/20567"}],"wp:attachment":[{"href":"https:\/\/innocentiemangonipiante.it\/de\/wp-json\/wp\/v2\/media?parent=27917"}],"wp:term":[{"taxonomy":"product_brand","embeddable":true,"href":"https:\/\/innocentiemangonipiante.it\/de\/wp-json\/wp\/v2\/product_brand?post=27917"},{"taxonomy":"product_cat","embeddable":true,"href":"https:\/\/innocentiemangonipiante.it\/de\/wp-json\/wp\/v2\/product_cat?post=27917"},{"taxonomy":"product_tag","embeddable":true,"href":"https:\/\/innocentiemangonipiante.it\/de\/wp-json\/wp\/v2\/product_tag?post=27917"}],"curies":[{"name":"wp","href":"https:\/\/api.w.org\/{rel}","templated":true}]}}