{"id":27921,"date":"2023-11-03T23:32:28","date_gmt":"2023-11-03T22:32:28","guid":{"rendered":"http:\/\/innocentiemangonipiante.it\/astilbe-arendsii-diamant\/"},"modified":"2023-11-06T17:25:38","modified_gmt":"2023-11-06T16:25:38","slug":"astilbe-arendsii-diamant","status":"publish","type":"product","link":"https:\/\/innocentiemangonipiante.it\/de\/astilbe-arendsii-diamant\/","title":{"rendered":"ASTILBE arendsii &#8218;Diamant&#8216;"},"content":{"rendered":"<p>Mehrj\u00e4hrig, widerstandsf\u00e4hig, pflegeleicht. Lanzettliche, gefiederte, dekorative Bl\u00e4tter. Herrliche wei\u00dfe Bl\u00fctenst\u00e4nde im Sommer.<\/p>\n","protected":false},"excerpt":{"rendered":"<p>Mehrj\u00e4hrig, widerstandsf\u00e4hig, pflegeleicht. Lanzettliche, gefiederte, dekorative Bl\u00e4tter. Herrliche wei\u00dfe Bl\u00fctenst\u00e4nde im Sommer.<\/p>\n","protected":false},"featured_media":20579,"template":"","meta":{"_acf_changed":false},"product_brand":[],"product_cat":[8829],"product_tag":[10898],"class_list":{"0":"post-27921","1":"product","2":"type-product","3":"status-publish","4":"has-post-thumbnail","6":"product_cat-mehrjahrige-krauter","7":"product_tag-naturlichen","8":"pa_altezza-massima-0_60-meter","9":"pa_altezza-massima-0_70-meter","10":"pa_colore-fioritura-weis","11":"pa_condizionamento-clt-de","12":"pa_famiglia-saxifragaceae-de","13":"pa_genere-astilbe-de","14":"pa_origine-ostasien","15":"pa_periodo-fioritura-august-de","16":"pa_periodo-fioritura-juli","17":"pa_portamento-eretto-de","18":"pa_resistenza-climatica-mittel-hoch","19":"pa_resistenza-del-suolo-bestandigkeit-auf-feuchten-boden","20":"pa_utilizzo-balkone","21":"pa_utilizzo-bordueren","22":"pa_utilizzo-kleine-gaerten","24":"first","25":"instock","26":"purchasable","27":"product-type-simple"},"acf":[],"_links":{"self":[{"href":"https:\/\/innocentiemangonipiante.it\/de\/wp-json\/wp\/v2\/product\/27921","targetHints":{"allow":["GET"]}}],"collection":[{"href":"https:\/\/innocentiemangonipiante.it\/de\/wp-json\/wp\/v2\/product"}],"about":[{"href":"https:\/\/innocentiemangonipiante.it\/de\/wp-json\/wp\/v2\/types\/product"}],"wp:featuredmedia":[{"embeddable":true,"href":"https:\/\/innocentiemangonipiante.it\/de\/wp-json\/wp\/v2\/media\/20579"}],"wp:attachment":[{"href":"https:\/\/innocentiemangonipiante.it\/de\/wp-json\/wp\/v2\/media?parent=27921"}],"wp:term":[{"taxonomy":"product_brand","embeddable":true,"href":"https:\/\/innocentiemangonipiante.it\/de\/wp-json\/wp\/v2\/product_brand?post=27921"},{"taxonomy":"product_cat","embeddable":true,"href":"https:\/\/innocentiemangonipiante.it\/de\/wp-json\/wp\/v2\/product_cat?post=27921"},{"taxonomy":"product_tag","embeddable":true,"href":"https:\/\/innocentiemangonipiante.it\/de\/wp-json\/wp\/v2\/product_tag?post=27921"}],"curies":[{"name":"wp","href":"https:\/\/api.w.org\/{rel}","templated":true}]}}