{"id":27923,"date":"2023-11-03T23:32:34","date_gmt":"2023-11-03T22:32:34","guid":{"rendered":"http:\/\/innocentiemangonipiante.it\/astilbe-arendsii-fanal\/"},"modified":"2023-11-06T17:25:40","modified_gmt":"2023-11-06T16:25:40","slug":"astilbe-arendsii-fanal","status":"publish","type":"product","link":"https:\/\/innocentiemangonipiante.it\/de\/astilbe-arendsii-fanal\/","title":{"rendered":"ASTILBE arendsii &#8218;Fanal&#8216;"},"content":{"rendered":"<p>Mehrj\u00e4hrig, rotbl\u00fchend im Fr\u00fchsommer. Halbschatten positionieren.<\/p>\n","protected":false},"excerpt":{"rendered":"<p>Mehrj\u00e4hrig, rotbl\u00fchend im Fr\u00fchsommer. Halbschatten positionieren.<\/p>\n","protected":false},"featured_media":20585,"template":"","meta":{"_acf_changed":false},"product_brand":[],"product_cat":[8829],"product_tag":[10898],"class_list":{"0":"post-27923","1":"product","2":"type-product","3":"status-publish","4":"has-post-thumbnail","6":"product_cat-mehrjahrige-krauter","7":"product_tag-naturlichen","8":"pa_altezza-massima-0_40-meter","9":"pa_altezza-massima-0_60-meter","10":"pa_condizionamento-clt-de","11":"pa_famiglia-saxifragaceae-de","12":"pa_genere-astilbe-de","13":"pa_origine-ostasien","14":"pa_periodo-fioritura-juli","15":"pa_periodo-fioritura-juni","16":"pa_portamento-eretto-de","17":"pa_resistenza-climatica-mittel-hoch","18":"pa_resistenza-del-suolo-bestandigkeit-auf-feuchten-boden","19":"pa_utilizzo-balkone","20":"pa_utilizzo-bordueren","21":"pa_utilizzo-kleine-gaerten","23":"first","24":"instock","25":"purchasable","26":"product-type-simple"},"acf":[],"_links":{"self":[{"href":"https:\/\/innocentiemangonipiante.it\/de\/wp-json\/wp\/v2\/product\/27923","targetHints":{"allow":["GET"]}}],"collection":[{"href":"https:\/\/innocentiemangonipiante.it\/de\/wp-json\/wp\/v2\/product"}],"about":[{"href":"https:\/\/innocentiemangonipiante.it\/de\/wp-json\/wp\/v2\/types\/product"}],"wp:featuredmedia":[{"embeddable":true,"href":"https:\/\/innocentiemangonipiante.it\/de\/wp-json\/wp\/v2\/media\/20585"}],"wp:attachment":[{"href":"https:\/\/innocentiemangonipiante.it\/de\/wp-json\/wp\/v2\/media?parent=27923"}],"wp:term":[{"taxonomy":"product_brand","embeddable":true,"href":"https:\/\/innocentiemangonipiante.it\/de\/wp-json\/wp\/v2\/product_brand?post=27923"},{"taxonomy":"product_cat","embeddable":true,"href":"https:\/\/innocentiemangonipiante.it\/de\/wp-json\/wp\/v2\/product_cat?post=27923"},{"taxonomy":"product_tag","embeddable":true,"href":"https:\/\/innocentiemangonipiante.it\/de\/wp-json\/wp\/v2\/product_tag?post=27923"}],"curies":[{"name":"wp","href":"https:\/\/api.w.org\/{rel}","templated":true}]}}