{"id":27928,"date":"2023-11-03T23:32:52","date_gmt":"2023-11-03T22:32:52","guid":{"rendered":"http:\/\/innocentiemangonipiante.it\/aubretia-cascade-purple\/"},"modified":"2023-11-06T17:26:21","modified_gmt":"2023-11-06T16:26:21","slug":"aubretia-cascade-purple","status":"publish","type":"product","link":"https:\/\/innocentiemangonipiante.it\/de\/aubretia-cascade-purple\/","title":{"rendered":"AUBRETIA &#8218;Cascade Purple&#8216;"},"content":{"rendered":"<p>H\u00e4ngende immergr\u00fcne Staude. Auff\u00e4llige violette Bl\u00fcte im Fr\u00fchling.<\/p>\n","protected":false},"excerpt":{"rendered":"<p>H\u00e4ngende immergr\u00fcne Staude. Auff\u00e4llige violette Bl\u00fcte im Fr\u00fchling.<\/p>\n","protected":false},"featured_media":0,"template":"","meta":{"_acf_changed":false},"product_brand":[],"product_cat":[8829],"product_tag":[10898],"class_list":{"0":"post-27928","1":"product","2":"type-product","3":"status-publish","5":"product_cat-mehrjahrige-krauter","6":"product_tag-naturlichen","7":"pa_altezza-massima-010-de","8":"pa_altezza-massima-0_15-meter","9":"pa_colore-fioritura-rot","10":"pa_condizionamento-clt-de","11":"pa_famiglia-cruciferae-de","12":"pa_genere-aubretia-de","13":"pa_origine-europe-de","14":"pa_periodo-fioritura-april-de","15":"pa_periodo-fioritura-mai-de","16":"pa_portamento-strisciante-de","17":"pa_resistenza-climatica-sehr-hoch","18":"pa_resistenza-del-suolo-bestandig-gegen-kalkhaltige-boden","19":"pa_resistenza-del-suolo-bestandig-gegen-trockene-boden","20":"pa_utilizzo-balkone","21":"pa_utilizzo-bordueren","22":"pa_utilizzo-kleine-gaerten","24":"first","25":"instock","26":"purchasable","27":"product-type-simple"},"acf":[],"_links":{"self":[{"href":"https:\/\/innocentiemangonipiante.it\/de\/wp-json\/wp\/v2\/product\/27928","targetHints":{"allow":["GET"]}}],"collection":[{"href":"https:\/\/innocentiemangonipiante.it\/de\/wp-json\/wp\/v2\/product"}],"about":[{"href":"https:\/\/innocentiemangonipiante.it\/de\/wp-json\/wp\/v2\/types\/product"}],"wp:attachment":[{"href":"https:\/\/innocentiemangonipiante.it\/de\/wp-json\/wp\/v2\/media?parent=27928"}],"wp:term":[{"taxonomy":"product_brand","embeddable":true,"href":"https:\/\/innocentiemangonipiante.it\/de\/wp-json\/wp\/v2\/product_brand?post=27928"},{"taxonomy":"product_cat","embeddable":true,"href":"https:\/\/innocentiemangonipiante.it\/de\/wp-json\/wp\/v2\/product_cat?post=27928"},{"taxonomy":"product_tag","embeddable":true,"href":"https:\/\/innocentiemangonipiante.it\/de\/wp-json\/wp\/v2\/product_tag?post=27928"}],"curies":[{"name":"wp","href":"https:\/\/api.w.org\/{rel}","templated":true}]}}