{"id":27931,"date":"2023-11-03T23:33:03","date_gmt":"2023-11-03T22:33:03","guid":{"rendered":"http:\/\/innocentiemangonipiante.it\/aucuba-japonica-crotonifolia-2\/"},"modified":"2023-11-06T17:26:28","modified_gmt":"2023-11-06T16:26:28","slug":"aucuba-japonica-crotonifolia-2","status":"publish","type":"product","link":"https:\/\/innocentiemangonipiante.it\/de\/aucuba-japonica-crotonifolia-2\/","title":{"rendered":"AUCUBA japonica &#8218;Crotonifolia&#8216;"},"content":{"rendered":"<p>Immergr\u00fcner Strauch mit rundf\u00f6rmigem Wuchs. Elliptischen bis eif\u00f6rmige Bl\u00e4tter, gr\u00fcn mit gelben Streifen.<\/p>\n","protected":false},"excerpt":{"rendered":"<p>Immergr\u00fcner Strauch mit rundf\u00f6rmigem Wuchs. Elliptischen bis eif\u00f6rmige Bl\u00e4tter, gr\u00fcn mit gelben Streifen.<\/p>\n","protected":false},"featured_media":20598,"template":"","meta":{"_acf_changed":false},"product_brand":[],"product_cat":[8816],"product_tag":[10898],"class_list":{"0":"post-27931","1":"product","2":"type-product","3":"status-publish","4":"has-post-thumbnail","6":"product_cat-hartnaeckige-baeume-und-straeucher","7":"product_tag-naturlichen","8":"pa_altezza-massima-200-de","9":"pa_altezza-massima-400-de","10":"pa_colore-delle-foglie-vielfaeltigen","11":"pa_colore-fioritura-rot","12":"pa_famiglia-cornaceae-de","13":"pa_genere-aucuba-de","14":"pa_inquinamento-bestaendigkeit-gegen-smog","15":"pa_origine-ostasien","16":"pa_periodo-fioritura-april-de","17":"pa_periodo-fruttificazione-november-de","18":"pa_periodo-fruttificazione-oktober","19":"pa_portamento-arrotondato-de","20":"pa_resistenza-climatica-sehr-hoch","21":"pa_resistenza-del-suolo-bestandig-gegen-kalkhaltige-boden","22":"pa_salinita-bestaendigkeit-in-meeresluft","23":"pa_utilizzo-balkone","24":"pa_utilizzo-im-innen","25":"pa_utilizzo-kleine-gaerten","27":"first","28":"instock","29":"purchasable","30":"product-type-simple"},"acf":[],"_links":{"self":[{"href":"https:\/\/innocentiemangonipiante.it\/de\/wp-json\/wp\/v2\/product\/27931","targetHints":{"allow":["GET"]}}],"collection":[{"href":"https:\/\/innocentiemangonipiante.it\/de\/wp-json\/wp\/v2\/product"}],"about":[{"href":"https:\/\/innocentiemangonipiante.it\/de\/wp-json\/wp\/v2\/types\/product"}],"wp:featuredmedia":[{"embeddable":true,"href":"https:\/\/innocentiemangonipiante.it\/de\/wp-json\/wp\/v2\/media\/20598"}],"wp:attachment":[{"href":"https:\/\/innocentiemangonipiante.it\/de\/wp-json\/wp\/v2\/media?parent=27931"}],"wp:term":[{"taxonomy":"product_brand","embeddable":true,"href":"https:\/\/innocentiemangonipiante.it\/de\/wp-json\/wp\/v2\/product_brand?post=27931"},{"taxonomy":"product_cat","embeddable":true,"href":"https:\/\/innocentiemangonipiante.it\/de\/wp-json\/wp\/v2\/product_cat?post=27931"},{"taxonomy":"product_tag","embeddable":true,"href":"https:\/\/innocentiemangonipiante.it\/de\/wp-json\/wp\/v2\/product_tag?post=27931"}],"curies":[{"name":"wp","href":"https:\/\/api.w.org\/{rel}","templated":true}]}}