{"id":27933,"date":"2023-11-03T23:33:18","date_gmt":"2023-11-03T22:33:18","guid":{"rendered":"http:\/\/innocentiemangonipiante.it\/aucuba-japonica-rozzannie\/"},"modified":"2023-11-06T17:26:39","modified_gmt":"2023-11-06T16:26:39","slug":"aucuba-japonica-rozzannie","status":"publish","type":"product","link":"https:\/\/innocentiemangonipiante.it\/de\/aucuba-japonica-rozzannie\/","title":{"rendered":"AUCUBA japonica &#8218;Rozzannie&#8216;"},"content":{"rendered":"<p>Kompakter Wuchs, mit sch\u00f6nen gl\u00e4nzenden Bl\u00e4ttern, an den R\u00e4ndern gez\u00e4hnt, leuchtend gr\u00fcn. Kleine, rote Bl\u00fcten im Fr\u00fchling, aus denen sich rote Beeren entwickeln, die vom Sommer bis zum Herbst reifen. Die Sorte ist selbstfruchtbar.<\/p>\n","protected":false},"excerpt":{"rendered":"<p>Kompakter Wuchs, mit sch\u00f6nen gl\u00e4nzenden Bl\u00e4ttern, an den R\u00e4ndern gez\u00e4hnt, leuchtend gr\u00fcn. Kleine, rote Bl\u00fcten im Fr\u00fchling, aus denen sich rote Beeren entwickeln, die vom Sommer bis zum Herbst reifen. Die Sorte ist selbstfruchtbar.<\/p>\n","protected":false},"featured_media":20605,"template":"","meta":{"_acf_changed":false},"product_brand":[],"product_cat":[8816],"product_tag":[10898],"class_list":{"0":"post-27933","1":"product","2":"type-product","3":"status-publish","4":"has-post-thumbnail","6":"product_cat-hartnaeckige-baeume-und-straeucher","7":"product_tag-naturlichen","8":"pa_altezza-massima-100-de","9":"pa_altezza-massima-150-de","10":"pa_colore-fioritura-rot","11":"pa_famiglia-cornaceae-de","12":"pa_genere-aucuba-de","13":"pa_origine-japan-de","14":"pa_periodo-fioritura-april-de","15":"pa_periodo-fioritura-mai-de","16":"pa_periodo-fioritura-maerz","17":"pa_periodo-fruttificazione-august-de","18":"pa_periodo-fruttificazione-juli","19":"pa_periodo-fruttificazione-juni","20":"pa_periodo-fruttificazione-september-de","21":"pa_portamento-arrotondato-de","22":"pa_resistenza-climatica-mittel","23":"pa_utilizzo-hecken","24":"pa_utilizzo-im-innen","25":"pa_utilizzo-kleine-gaerten","27":"first","28":"instock","29":"purchasable","30":"product-type-simple"},"acf":[],"_links":{"self":[{"href":"https:\/\/innocentiemangonipiante.it\/de\/wp-json\/wp\/v2\/product\/27933","targetHints":{"allow":["GET"]}}],"collection":[{"href":"https:\/\/innocentiemangonipiante.it\/de\/wp-json\/wp\/v2\/product"}],"about":[{"href":"https:\/\/innocentiemangonipiante.it\/de\/wp-json\/wp\/v2\/types\/product"}],"wp:featuredmedia":[{"embeddable":true,"href":"https:\/\/innocentiemangonipiante.it\/de\/wp-json\/wp\/v2\/media\/20605"}],"wp:attachment":[{"href":"https:\/\/innocentiemangonipiante.it\/de\/wp-json\/wp\/v2\/media?parent=27933"}],"wp:term":[{"taxonomy":"product_brand","embeddable":true,"href":"https:\/\/innocentiemangonipiante.it\/de\/wp-json\/wp\/v2\/product_brand?post=27933"},{"taxonomy":"product_cat","embeddable":true,"href":"https:\/\/innocentiemangonipiante.it\/de\/wp-json\/wp\/v2\/product_cat?post=27933"},{"taxonomy":"product_tag","embeddable":true,"href":"https:\/\/innocentiemangonipiante.it\/de\/wp-json\/wp\/v2\/product_tag?post=27933"}],"curies":[{"name":"wp","href":"https:\/\/api.w.org\/{rel}","templated":true}]}}