{"id":27954,"date":"2023-11-03T23:35:06","date_gmt":"2023-11-03T22:35:06","guid":{"rendered":"http:\/\/innocentiemangonipiante.it\/azalea-japonica-perla-del-verbano\/"},"modified":"2023-11-06T17:27:29","modified_gmt":"2023-11-06T16:27:29","slug":"azalea-japonica-perla-del-verbano","status":"publish","type":"product","link":"https:\/\/innocentiemangonipiante.it\/de\/azalea-japonica-perla-del-verbano\/","title":{"rendered":"AZALEA japonica &#8218;Perla del Verbano&#8216;"},"content":{"rendered":"<p>Gef\u00fcllte, mittelgro\u00dfe, intensiv rosa Bl\u00fcten. Die Bl\u00fcte erfolgt sp\u00e4ter als bei anderen Sorten.<\/p>\n","protected":false},"excerpt":{"rendered":"<p>Gef\u00fcllte, mittelgro\u00dfe, intensiv rosa Bl\u00fcten. Die Bl\u00fcte erfolgt sp\u00e4ter als bei anderen Sorten.<\/p>\n","protected":false},"featured_media":0,"template":"","meta":{"_acf_changed":false},"product_brand":[],"product_cat":[8816],"product_tag":[10898,8717],"class_list":{"0":"post-27954","1":"product","2":"type-product","3":"status-publish","5":"product_cat-hartnaeckige-baeume-und-straeucher","6":"product_tag-naturlichen","7":"product_tag-pompons-de","8":"pa_altezza-massima-100-de","9":"pa_altezza-massima-150-de","10":"pa_arte-topiaria-verfuegbar-formgehoelze","11":"pa_colore-fioritura-rose-de","12":"pa_condizionamento-clt-de","13":"pa_famiglia-ericaceae-de","14":"pa_genere-azalea-de","15":"pa_origine-europe-de","16":"pa_periodo-fioritura-juni","17":"pa_periodo-fioritura-mai-de","18":"pa_portamento-arrotondato-de","19":"pa_resistenza-climatica-sehr-hoch","20":"pa_utilizzo-balkone","21":"pa_utilizzo-kleine-gaerten","23":"first","24":"instock","25":"purchasable","26":"product-type-simple"},"acf":[],"_links":{"self":[{"href":"https:\/\/innocentiemangonipiante.it\/de\/wp-json\/wp\/v2\/product\/27954","targetHints":{"allow":["GET"]}}],"collection":[{"href":"https:\/\/innocentiemangonipiante.it\/de\/wp-json\/wp\/v2\/product"}],"about":[{"href":"https:\/\/innocentiemangonipiante.it\/de\/wp-json\/wp\/v2\/types\/product"}],"wp:attachment":[{"href":"https:\/\/innocentiemangonipiante.it\/de\/wp-json\/wp\/v2\/media?parent=27954"}],"wp:term":[{"taxonomy":"product_brand","embeddable":true,"href":"https:\/\/innocentiemangonipiante.it\/de\/wp-json\/wp\/v2\/product_brand?post=27954"},{"taxonomy":"product_cat","embeddable":true,"href":"https:\/\/innocentiemangonipiante.it\/de\/wp-json\/wp\/v2\/product_cat?post=27954"},{"taxonomy":"product_tag","embeddable":true,"href":"https:\/\/innocentiemangonipiante.it\/de\/wp-json\/wp\/v2\/product_tag?post=27954"}],"curies":[{"name":"wp","href":"https:\/\/api.w.org\/{rel}","templated":true}]}}