{"id":27960,"date":"2023-11-03T23:35:42","date_gmt":"2023-11-03T22:35:42","guid":{"rendered":"http:\/\/innocentiemangonipiante.it\/azalea-japonica-silvester\/"},"modified":"2023-11-06T17:28:23","modified_gmt":"2023-11-06T16:28:23","slug":"azalea-japonica-silvester","status":"publish","type":"product","link":"https:\/\/innocentiemangonipiante.it\/de\/azalea-japonica-silvester\/","title":{"rendered":"AZALEA japonica &#8218;Silvester&#8216;"},"content":{"rendered":"<p>Es hat kleine blassviolett-rosa Bl\u00fcten. Sie bl\u00fcht fr\u00fch, von Ende April bis Mitte Mai. Langsames, h\u00fcgelartiges Wachstum.<\/p>\n","protected":false},"excerpt":{"rendered":"<p>Es hat kleine blassviolett-rosa Bl\u00fcten. Sie bl\u00fcht fr\u00fch, von Ende April bis Mitte Mai. Langsames, h\u00fcgelartiges Wachstum.<\/p>\n","protected":false},"featured_media":20652,"template":"","meta":{"_acf_changed":false},"product_brand":[],"product_cat":[8816],"product_tag":[10898],"class_list":{"0":"post-27960","1":"product","2":"type-product","3":"status-publish","4":"has-post-thumbnail","6":"product_cat-hartnaeckige-baeume-und-straeucher","7":"product_tag-naturlichen","8":"pa_altezza-massima-100-de","9":"pa_altezza-massima-120-de","10":"pa_colore-fioritura-rose-de","11":"pa_famiglia-ericaceae-de","12":"pa_genere-azalea-de","13":"pa_inquinamento-bestaendigkeit-gegen-smog","14":"pa_origine-ostasien","15":"pa_periodo-fioritura-april-de","16":"pa_periodo-fioritura-mai-de","17":"pa_portamento-arrotondato-de","18":"pa_resistenza-climatica-sehr-hoch","19":"pa_utilizzo-balkone","20":"pa_utilizzo-im-innen","21":"pa_utilizzo-kleine-gaerten","23":"first","24":"instock","25":"purchasable","26":"product-type-simple"},"acf":[],"_links":{"self":[{"href":"https:\/\/innocentiemangonipiante.it\/de\/wp-json\/wp\/v2\/product\/27960","targetHints":{"allow":["GET"]}}],"collection":[{"href":"https:\/\/innocentiemangonipiante.it\/de\/wp-json\/wp\/v2\/product"}],"about":[{"href":"https:\/\/innocentiemangonipiante.it\/de\/wp-json\/wp\/v2\/types\/product"}],"wp:featuredmedia":[{"embeddable":true,"href":"https:\/\/innocentiemangonipiante.it\/de\/wp-json\/wp\/v2\/media\/20652"}],"wp:attachment":[{"href":"https:\/\/innocentiemangonipiante.it\/de\/wp-json\/wp\/v2\/media?parent=27960"}],"wp:term":[{"taxonomy":"product_brand","embeddable":true,"href":"https:\/\/innocentiemangonipiante.it\/de\/wp-json\/wp\/v2\/product_brand?post=27960"},{"taxonomy":"product_cat","embeddable":true,"href":"https:\/\/innocentiemangonipiante.it\/de\/wp-json\/wp\/v2\/product_cat?post=27960"},{"taxonomy":"product_tag","embeddable":true,"href":"https:\/\/innocentiemangonipiante.it\/de\/wp-json\/wp\/v2\/product_tag?post=27960"}],"curies":[{"name":"wp","href":"https:\/\/api.w.org\/{rel}","templated":true}]}}