{"id":27964,"date":"2023-11-03T23:36:07","date_gmt":"2023-11-03T22:36:07","guid":{"rendered":"http:\/\/innocentiemangonipiante.it\/azalea-japonica-in-varieta\/"},"modified":"2023-11-06T17:28:34","modified_gmt":"2023-11-06T16:28:34","slug":"azalea-japonica-in-varieta","status":"publish","type":"product","link":"https:\/\/innocentiemangonipiante.it\/de\/azalea-japonica-in-varieta\/","title":{"rendered":"AZALEA japonica in variet\u00e0"},"content":{"rendered":"<p>Widerstandsf\u00e4hige Sorte, bevorzugt Halbschatten. Bl\u00fcte im Fr\u00fchling (wei\u00df, rosa, rot, lila, orange).<\/p>\n","protected":false},"excerpt":{"rendered":"<p>Widerstandsf\u00e4hige Sorte, bevorzugt Halbschatten. Bl\u00fcte im Fr\u00fchling (wei\u00df, rosa, rot, lila, orange).<\/p>\n","protected":false},"featured_media":20661,"template":"","meta":{"_acf_changed":false},"product_brand":[],"product_cat":[8816],"product_tag":[10898],"class_list":{"0":"post-27964","1":"product","2":"type-product","3":"status-publish","4":"has-post-thumbnail","6":"product_cat-hartnaeckige-baeume-und-straeucher","7":"product_tag-naturlichen","8":"pa_altezza-massima-100-de","9":"pa_altezza-massima-150-de","10":"pa_famiglia-ericaceae-de","11":"pa_genere-azalea-de","12":"pa_inquinamento-bestaendigkeit-gegen-smog","13":"pa_origine-japan-de","14":"pa_periodo-fioritura-april-de","15":"pa_periodo-fioritura-juni","16":"pa_periodo-fioritura-mai-de","17":"pa_periodo-fioritura-maerz","18":"pa_portamento-arrotondato-de","19":"pa_resistenza-climatica-sehr-hoch","20":"pa_resistenza-del-suolo-bestandig-gegen-kalkhaltige-boden","21":"pa_utilizzo-balkone","22":"pa_utilizzo-im-innen","23":"pa_utilizzo-kleine-gaerten","24":"pa_utilizzo-parks-de","26":"first","27":"instock","28":"purchasable","29":"product-type-simple"},"acf":[],"_links":{"self":[{"href":"https:\/\/innocentiemangonipiante.it\/de\/wp-json\/wp\/v2\/product\/27964","targetHints":{"allow":["GET"]}}],"collection":[{"href":"https:\/\/innocentiemangonipiante.it\/de\/wp-json\/wp\/v2\/product"}],"about":[{"href":"https:\/\/innocentiemangonipiante.it\/de\/wp-json\/wp\/v2\/types\/product"}],"wp:featuredmedia":[{"embeddable":true,"href":"https:\/\/innocentiemangonipiante.it\/de\/wp-json\/wp\/v2\/media\/20661"}],"wp:attachment":[{"href":"https:\/\/innocentiemangonipiante.it\/de\/wp-json\/wp\/v2\/media?parent=27964"}],"wp:term":[{"taxonomy":"product_brand","embeddable":true,"href":"https:\/\/innocentiemangonipiante.it\/de\/wp-json\/wp\/v2\/product_brand?post=27964"},{"taxonomy":"product_cat","embeddable":true,"href":"https:\/\/innocentiemangonipiante.it\/de\/wp-json\/wp\/v2\/product_cat?post=27964"},{"taxonomy":"product_tag","embeddable":true,"href":"https:\/\/innocentiemangonipiante.it\/de\/wp-json\/wp\/v2\/product_tag?post=27964"}],"curies":[{"name":"wp","href":"https:\/\/api.w.org\/{rel}","templated":true}]}}