{"id":28020,"date":"2023-11-03T23:43:32","date_gmt":"2023-11-03T22:43:32","guid":{"rendered":"http:\/\/innocentiemangonipiante.it\/betula-nana-golden-treasure\/"},"modified":"2023-11-06T17:33:07","modified_gmt":"2023-11-06T16:33:07","slug":"betula-nana-golden-treasure","status":"publish","type":"product","link":"https:\/\/innocentiemangonipiante.it\/de\/betula-nana-golden-treasure\/","title":{"rendered":"BETULA nana &#8218;Golden Treasure&#8216; \u00ae"},"content":{"rendered":"<p>Laubiger Zwergstrauch, kugelf\u00f6rmig, mit kleinen Bl\u00e4ttern mit gez\u00e4hntem Rand, leuchtend gelbgr\u00fcn im Fr\u00fchling, golden im Sommer.<\/p>\n","protected":false},"excerpt":{"rendered":"<p>Laubiger Zwergstrauch, kugelf\u00f6rmig, mit kleinen Bl\u00e4ttern mit gez\u00e4hntem Rand, leuchtend gelbgr\u00fcn im Fr\u00fchling, golden im Sommer.<\/p>\n","protected":false},"featured_media":1054,"template":"","meta":{"_acf_changed":false},"product_brand":[],"product_cat":[8813],"product_tag":[10898],"class_list":{"0":"post-28020","1":"product","2":"type-product","3":"status-publish","4":"has-post-thumbnail","6":"product_cat-laubbaume-und-straucher","7":"product_tag-naturlichen","8":"pa_altezza-massima-0_50-meter","9":"pa_altezza-massima-100-de","10":"pa_colore-delle-foglie-gelben","11":"pa_condizionamento-clt-de","12":"pa_famiglia-betulaceae-de","13":"pa_genere-betula-de","14":"pa_origine-europe-de","15":"pa_portamento-arrotondato-de","16":"pa_resistenza-climatica-sehr-hoch","17":"pa_resistenza-del-suolo-bestandigkeit-auf-feuchten-boden","18":"pa_utilizzo-balkone","19":"pa_utilizzo-bordueren","20":"pa_utilizzo-kleine-gaerten","22":"first","23":"instock","24":"purchasable","25":"product-type-simple"},"acf":[],"_links":{"self":[{"href":"https:\/\/innocentiemangonipiante.it\/de\/wp-json\/wp\/v2\/product\/28020","targetHints":{"allow":["GET"]}}],"collection":[{"href":"https:\/\/innocentiemangonipiante.it\/de\/wp-json\/wp\/v2\/product"}],"about":[{"href":"https:\/\/innocentiemangonipiante.it\/de\/wp-json\/wp\/v2\/types\/product"}],"wp:featuredmedia":[{"embeddable":true,"href":"https:\/\/innocentiemangonipiante.it\/de\/wp-json\/wp\/v2\/media\/1054"}],"wp:attachment":[{"href":"https:\/\/innocentiemangonipiante.it\/de\/wp-json\/wp\/v2\/media?parent=28020"}],"wp:term":[{"taxonomy":"product_brand","embeddable":true,"href":"https:\/\/innocentiemangonipiante.it\/de\/wp-json\/wp\/v2\/product_brand?post=28020"},{"taxonomy":"product_cat","embeddable":true,"href":"https:\/\/innocentiemangonipiante.it\/de\/wp-json\/wp\/v2\/product_cat?post=28020"},{"taxonomy":"product_tag","embeddable":true,"href":"https:\/\/innocentiemangonipiante.it\/de\/wp-json\/wp\/v2\/product_tag?post=28020"}],"curies":[{"name":"wp","href":"https:\/\/api.w.org\/{rel}","templated":true}]}}