{"id":28027,"date":"2023-11-03T23:44:23","date_gmt":"2023-11-03T22:44:23","guid":{"rendered":"http:\/\/innocentiemangonipiante.it\/betula-pendula-purpurea\/"},"modified":"2023-11-06T17:33:55","modified_gmt":"2023-11-06T16:33:55","slug":"betula-pendula-purpurea","status":"publish","type":"product","link":"https:\/\/innocentiemangonipiante.it\/de\/betula-pendula-purpurea\/","title":{"rendered":"BETULA pendula &#8218;Purpurea&#8216;"},"content":{"rendered":"<p>Es ist ein kleiner Baum mit recht eng, lose, regelm\u00e4\u00dfige, eif\u00f6rmige Krone. Wie bei Betula pendula, hat es h\u00e4ngenden Zweigen, ist aber in der Regel langsamer wachsen als die Birke. Die Bl\u00e4tter sind leuchtend rot bis dunkel lila. Rinde ist grau-wei\u00df.<\/p>\n","protected":false},"excerpt":{"rendered":"<p>Es ist ein kleiner Baum mit recht eng, lose, regelm\u00e4\u00dfige, eif\u00f6rmige Krone. Wie bei Betula pendula, hat es h\u00e4ngenden Zweigen, ist aber in der Regel langsamer wachsen als die Birke. Die Bl\u00e4tter sind leuchtend rot bis dunkel lila. Rinde ist grau-wei\u00df.<\/p>\n","protected":false},"featured_media":20792,"template":"","meta":{"_acf_changed":false},"product_brand":[],"product_cat":[8813],"product_tag":[10898],"class_list":{"0":"post-28027","1":"product","2":"type-product","3":"status-publish","4":"has-post-thumbnail","6":"product_cat-laubbaume-und-straucher","7":"product_tag-naturlichen","8":"pa_altezza-massima-800-de","9":"pa_altezza-massima-1000-de-2","10":"pa_colore-delle-foglie-roten","11":"pa_famiglia-betulaceae-de","12":"pa_genere-betula-de","13":"pa_origine-asien","14":"pa_portamento-arrotondato-de","15":"pa_resistenza-climatica-sehr-hoch","16":"pa_resistenza-del-suolo-bestandig-gegen-kalkhaltige-boden","17":"pa_resistenza-del-suolo-bestandig-gegen-trockene-boden","18":"pa_resistenza-del-suolo-bestandigkeit-auf-feuchten-boden","19":"pa_salinita-bestaendigkeit-in-meeresluft","20":"pa_utilizzo-parks-de","22":"first","23":"instock","24":"purchasable","25":"product-type-simple"},"acf":[],"_links":{"self":[{"href":"https:\/\/innocentiemangonipiante.it\/de\/wp-json\/wp\/v2\/product\/28027","targetHints":{"allow":["GET"]}}],"collection":[{"href":"https:\/\/innocentiemangonipiante.it\/de\/wp-json\/wp\/v2\/product"}],"about":[{"href":"https:\/\/innocentiemangonipiante.it\/de\/wp-json\/wp\/v2\/types\/product"}],"wp:featuredmedia":[{"embeddable":true,"href":"https:\/\/innocentiemangonipiante.it\/de\/wp-json\/wp\/v2\/media\/20792"}],"wp:attachment":[{"href":"https:\/\/innocentiemangonipiante.it\/de\/wp-json\/wp\/v2\/media?parent=28027"}],"wp:term":[{"taxonomy":"product_brand","embeddable":true,"href":"https:\/\/innocentiemangonipiante.it\/de\/wp-json\/wp\/v2\/product_brand?post=28027"},{"taxonomy":"product_cat","embeddable":true,"href":"https:\/\/innocentiemangonipiante.it\/de\/wp-json\/wp\/v2\/product_cat?post=28027"},{"taxonomy":"product_tag","embeddable":true,"href":"https:\/\/innocentiemangonipiante.it\/de\/wp-json\/wp\/v2\/product_tag?post=28027"}],"curies":[{"name":"wp","href":"https:\/\/api.w.org\/{rel}","templated":true}]}}