{"id":28059,"date":"2023-11-03T23:47:29","date_gmt":"2023-11-03T22:47:29","guid":{"rendered":"http:\/\/innocentiemangonipiante.it\/buxus-macrophylla-rotundifolia\/"},"modified":"2023-11-06T17:35:41","modified_gmt":"2023-11-06T16:35:41","slug":"buxus-macrophylla-rotundifolia","status":"publish","type":"product","link":"https:\/\/innocentiemangonipiante.it\/de\/buxus-macrophylla-rotundifolia\/","title":{"rendered":"BUXUS macrophylla &#8218;Rotundifolia&#8216;"},"content":{"rendered":"<p>Immergr\u00fcner Strauch mittleren Wachstums. Die hellgr\u00fcnen rundlichen Bl\u00e4tter mit einem Durchmesser von 1-2 cm sind entgegengesetzt zum Stamm angeordnet.<\/p>\n","protected":false},"excerpt":{"rendered":"<p>Immergr\u00fcner Strauch mittleren Wachstums. Die hellgr\u00fcnen rundlichen Bl\u00e4tter mit einem Durchmesser von 1-2 cm sind entgegengesetzt zum Stamm angeordnet.<\/p>\n","protected":false},"featured_media":20844,"template":"","meta":{"_acf_changed":false},"product_brand":[],"product_cat":[8816],"product_tag":[10898],"class_list":{"0":"post-28059","1":"product","2":"type-product","3":"status-publish","4":"has-post-thumbnail","6":"product_cat-hartnaeckige-baeume-und-straeucher","7":"product_tag-naturlichen","8":"pa_altezza-massima-300-de","9":"pa_altezza-massima-400-de","10":"pa_famiglia-buxaceae-de","11":"pa_genere-buxus-de","12":"pa_inquinamento-bestaendigkeit-gegen-smog","13":"pa_origine-alps-de","14":"pa_portamento-arrotondato-de","15":"pa_resistenza-climatica-mittel-hoch","16":"pa_resistenza-del-suolo-bestandig-gegen-kalkhaltige-boden","17":"pa_resistenza-del-suolo-bestandig-gegen-trockene-boden","18":"pa_utilizzo-hecken","19":"pa_utilizzo-kleine-gaerten","20":"pa_utilizzo-parks-de","22":"first","23":"instock","24":"purchasable","25":"product-type-simple"},"acf":[],"_links":{"self":[{"href":"https:\/\/innocentiemangonipiante.it\/de\/wp-json\/wp\/v2\/product\/28059","targetHints":{"allow":["GET"]}}],"collection":[{"href":"https:\/\/innocentiemangonipiante.it\/de\/wp-json\/wp\/v2\/product"}],"about":[{"href":"https:\/\/innocentiemangonipiante.it\/de\/wp-json\/wp\/v2\/types\/product"}],"wp:featuredmedia":[{"embeddable":true,"href":"https:\/\/innocentiemangonipiante.it\/de\/wp-json\/wp\/v2\/media\/20844"}],"wp:attachment":[{"href":"https:\/\/innocentiemangonipiante.it\/de\/wp-json\/wp\/v2\/media?parent=28059"}],"wp:term":[{"taxonomy":"product_brand","embeddable":true,"href":"https:\/\/innocentiemangonipiante.it\/de\/wp-json\/wp\/v2\/product_brand?post=28059"},{"taxonomy":"product_cat","embeddable":true,"href":"https:\/\/innocentiemangonipiante.it\/de\/wp-json\/wp\/v2\/product_cat?post=28059"},{"taxonomy":"product_tag","embeddable":true,"href":"https:\/\/innocentiemangonipiante.it\/de\/wp-json\/wp\/v2\/product_tag?post=28059"}],"curies":[{"name":"wp","href":"https:\/\/api.w.org\/{rel}","templated":true}]}}