{"id":28064,"date":"2023-11-03T23:48:00","date_gmt":"2023-11-03T22:48:00","guid":{"rendered":"http:\/\/innocentiemangonipiante.it\/buxus-sempervirens-elegantissima\/"},"modified":"2023-11-06T17:36:05","modified_gmt":"2023-11-06T16:36:05","slug":"buxus-sempervirens-elegantissima","status":"publish","type":"product","link":"https:\/\/innocentiemangonipiante.it\/de\/buxus-sempervirens-elegantissima\/","title":{"rendered":"BUXUS sempervirens &#8218;Elegantissima&#8216;"},"content":{"rendered":"<p>Dunkel gr\u00fcne Bl\u00e4tter mit cremefarbenen R\u00e4ndern. Es hat die gleiche Charakteristik wie ein Buxus Sempervirens.<\/p>\n","protected":false},"excerpt":{"rendered":"<p>Dunkel gr\u00fcne Bl\u00e4tter mit cremefarbenen R\u00e4ndern. Es hat die gleiche Charakteristik wie ein Buxus Sempervirens.<\/p>\n","protected":false},"featured_media":20850,"template":"","meta":{"_acf_changed":false},"product_brand":[],"product_cat":[8816],"product_tag":[10898],"class_list":{"0":"post-28064","1":"product","2":"type-product","3":"status-publish","4":"has-post-thumbnail","6":"product_cat-hartnaeckige-baeume-und-straeucher","7":"product_tag-naturlichen","8":"pa_altezza-massima-150-de","9":"pa_altezza-massima-200-de","10":"pa_colore-delle-foglie-vielfaeltigen","11":"pa_famiglia-buxaceae-de","12":"pa_genere-buxus-de","13":"pa_inquinamento-bestaendigkeit-gegen-smog","14":"pa_origine-europe-de","15":"pa_portamento-arrotondato-de","16":"pa_resistenza-climatica-sehr-hoch","17":"pa_resistenza-del-suolo-bestandig-gegen-kalkhaltige-boden","18":"pa_resistenza-del-suolo-bestandig-gegen-trockene-boden","19":"pa_utilizzo-hecken","20":"pa_utilizzo-kleine-gaerten","22":"first","23":"instock","24":"purchasable","25":"product-type-simple"},"acf":[],"_links":{"self":[{"href":"https:\/\/innocentiemangonipiante.it\/de\/wp-json\/wp\/v2\/product\/28064","targetHints":{"allow":["GET"]}}],"collection":[{"href":"https:\/\/innocentiemangonipiante.it\/de\/wp-json\/wp\/v2\/product"}],"about":[{"href":"https:\/\/innocentiemangonipiante.it\/de\/wp-json\/wp\/v2\/types\/product"}],"wp:featuredmedia":[{"embeddable":true,"href":"https:\/\/innocentiemangonipiante.it\/de\/wp-json\/wp\/v2\/media\/20850"}],"wp:attachment":[{"href":"https:\/\/innocentiemangonipiante.it\/de\/wp-json\/wp\/v2\/media?parent=28064"}],"wp:term":[{"taxonomy":"product_brand","embeddable":true,"href":"https:\/\/innocentiemangonipiante.it\/de\/wp-json\/wp\/v2\/product_brand?post=28064"},{"taxonomy":"product_cat","embeddable":true,"href":"https:\/\/innocentiemangonipiante.it\/de\/wp-json\/wp\/v2\/product_cat?post=28064"},{"taxonomy":"product_tag","embeddable":true,"href":"https:\/\/innocentiemangonipiante.it\/de\/wp-json\/wp\/v2\/product_tag?post=28064"}],"curies":[{"name":"wp","href":"https:\/\/api.w.org\/{rel}","templated":true}]}}