{"id":28241,"date":"2023-11-04T00:04:46","date_gmt":"2023-11-03T23:04:46","guid":{"rendered":"http:\/\/innocentiemangonipiante.it\/cedrus-atlantica-glauca-pendula-2\/"},"modified":"2023-11-06T17:46:34","modified_gmt":"2023-11-06T16:46:34","slug":"cedrus-atlantica-glauca-pendula","status":"publish","type":"product","link":"https:\/\/innocentiemangonipiante.it\/de\/cedrus-atlantica-glauca-pendula\/","title":{"rendered":"CEDRUS atlantica &#8218;Glauca Pendula&#8216;"},"content":{"rendered":"<p>\u201cH\u00e4nge-Blau-Zeder\u201d. Abart der C.a.\u2018Glauca\u2019 mit nach unten h\u00e4ngenden Zweigen, die B\u00f6gen bilden, aus denen Seitezweige sprie\u00dfen, die ebenfalls senkrecht nach unten fallen. Die blau-silbrigen Nadeln werden bis zu 2 cm lang. Baumh\u00f6he: 8-10 Meter.<\/p>\n","protected":false},"excerpt":{"rendered":"<p>\u201cH\u00e4nge-Blau-Zeder\u201d. Abart der C.a.\u2018Glauca\u2019 mit nach unten h\u00e4ngenden Zweigen, die B\u00f6gen bilden, aus denen Seitezweige sprie\u00dfen, die ebenfalls senkrecht nach unten fallen. Die blau-silbrigen Nadeln werden bis zu 2 cm lang. Baumh\u00f6he: 8-10 Meter.<\/p>\n","protected":false},"featured_media":21218,"template":"","meta":{"_acf_changed":false},"product_brand":[],"product_cat":[8825],"product_tag":[10898,8565,8401],"class_list":{"0":"post-28241","1":"product","2":"type-product","3":"status-publish","4":"has-post-thumbnail","6":"product_cat-koniferen","7":"product_tag-naturlichen","8":"product_tag-halbstamm","9":"product_tag-hochstamm","10":"pa_altezza-massima-800-de","11":"pa_altezza-massima-1000-de-2","12":"pa_arte-topiaria-verfuegbar-formgehoelze","13":"pa_colore-delle-foglie-grauen","14":"pa_condizionamento-clt-de","15":"pa_condizionamento-jungplanzen","16":"pa_condizionamento-m-de","17":"pa_famiglia-pinaceae-de","18":"pa_genere-cedrus-de","19":"pa_inquinamento-bestaendigkeit-gegen-smog","20":"pa_origine-frankreich","21":"pa_portamento-piangente-de","22":"pa_resistenza-climatica-sehr-hoch","23":"pa_resistenza-del-suolo-bestandig-gegen-kalkhaltige-boden","24":"pa_resistenza-del-suolo-bestandig-gegen-trockene-boden","25":"pa_resistenza-del-suolo-resistent-gegen-arme-boeden","26":"pa_utilizzo-parks-de","28":"first","29":"instock","30":"purchasable","31":"product-type-simple"},"acf":[],"_links":{"self":[{"href":"https:\/\/innocentiemangonipiante.it\/de\/wp-json\/wp\/v2\/product\/28241","targetHints":{"allow":["GET"]}}],"collection":[{"href":"https:\/\/innocentiemangonipiante.it\/de\/wp-json\/wp\/v2\/product"}],"about":[{"href":"https:\/\/innocentiemangonipiante.it\/de\/wp-json\/wp\/v2\/types\/product"}],"wp:featuredmedia":[{"embeddable":true,"href":"https:\/\/innocentiemangonipiante.it\/de\/wp-json\/wp\/v2\/media\/21218"}],"wp:attachment":[{"href":"https:\/\/innocentiemangonipiante.it\/de\/wp-json\/wp\/v2\/media?parent=28241"}],"wp:term":[{"taxonomy":"product_brand","embeddable":true,"href":"https:\/\/innocentiemangonipiante.it\/de\/wp-json\/wp\/v2\/product_brand?post=28241"},{"taxonomy":"product_cat","embeddable":true,"href":"https:\/\/innocentiemangonipiante.it\/de\/wp-json\/wp\/v2\/product_cat?post=28241"},{"taxonomy":"product_tag","embeddable":true,"href":"https:\/\/innocentiemangonipiante.it\/de\/wp-json\/wp\/v2\/product_tag?post=28241"}],"curies":[{"name":"wp","href":"https:\/\/api.w.org\/{rel}","templated":true}]}}