{"id":28335,"date":"2023-11-04T00:12:33","date_gmt":"2023-11-03T23:12:33","guid":{"rendered":"http:\/\/innocentiemangonipiante.it\/chamaecyparis-pisifera-boulevard\/"},"modified":"2023-11-06T17:52:07","modified_gmt":"2023-11-06T16:52:07","slug":"chamaecyparis-pisifera-boulevard","status":"publish","type":"product","link":"https:\/\/innocentiemangonipiante.it\/de\/chamaecyparis-pisifera-boulevard\/","title":{"rendered":"CHAMAECYPARIS pisifera &#8218;Boulevard&#8216;"},"content":{"rendered":"<p>Nadelbaum mit s\u00e4ulen- bis kegelf\u00f6rmiger Erscheinung,mit nach oben gerichtetem \u00c4sten, deren seitliche Enden nach unten fallen. Weiches silberblaues Blattwerk. Die Pflanze bevorzugt leicht sauren Boden.<\/p>\n","protected":false},"excerpt":{"rendered":"<p>Nadelbaum mit s\u00e4ulen- bis kegelf\u00f6rmiger Erscheinung,mit nach oben gerichtetem \u00c4sten, deren seitliche Enden nach unten fallen. Weiches silberblaues Blattwerk. Die Pflanze bevorzugt leicht sauren Boden.<\/p>\n","protected":false},"featured_media":21380,"template":"","meta":{"_acf_changed":false},"product_brand":[],"product_cat":[8825],"product_tag":[10898],"class_list":{"0":"post-28335","1":"product","2":"type-product","3":"status-publish","4":"has-post-thumbnail","6":"product_cat-koniferen","7":"product_tag-naturlichen","8":"pa_altezza-massima-200-de","9":"pa_altezza-massima-300-de","10":"pa_colore-delle-foglie-blau","11":"pa_famiglia-cupressaceae-de","12":"pa_genere-chamaecyparis-de","13":"pa_inquinamento-bestaendigkeit-gegen-smog","14":"pa_origine-fernost","15":"pa_portamento-saulenformig","16":"pa_resistenza-climatica-sehr-hoch","17":"pa_resistenza-del-suolo-bestandig-gegen-kalkhaltige-boden","18":"pa_resistenza-del-suolo-bestandigkeit-auf-feuchten-boden","19":"pa_utilizzo-kleine-gaerten","20":"pa_utilizzo-parks-de","22":"first","23":"instock","24":"purchasable","25":"product-type-simple"},"acf":[],"_links":{"self":[{"href":"https:\/\/innocentiemangonipiante.it\/de\/wp-json\/wp\/v2\/product\/28335","targetHints":{"allow":["GET"]}}],"collection":[{"href":"https:\/\/innocentiemangonipiante.it\/de\/wp-json\/wp\/v2\/product"}],"about":[{"href":"https:\/\/innocentiemangonipiante.it\/de\/wp-json\/wp\/v2\/types\/product"}],"wp:featuredmedia":[{"embeddable":true,"href":"https:\/\/innocentiemangonipiante.it\/de\/wp-json\/wp\/v2\/media\/21380"}],"wp:attachment":[{"href":"https:\/\/innocentiemangonipiante.it\/de\/wp-json\/wp\/v2\/media?parent=28335"}],"wp:term":[{"taxonomy":"product_brand","embeddable":true,"href":"https:\/\/innocentiemangonipiante.it\/de\/wp-json\/wp\/v2\/product_brand?post=28335"},{"taxonomy":"product_cat","embeddable":true,"href":"https:\/\/innocentiemangonipiante.it\/de\/wp-json\/wp\/v2\/product_cat?post=28335"},{"taxonomy":"product_tag","embeddable":true,"href":"https:\/\/innocentiemangonipiante.it\/de\/wp-json\/wp\/v2\/product_tag?post=28335"}],"curies":[{"name":"wp","href":"https:\/\/api.w.org\/{rel}","templated":true}]}}