{"id":28363,"date":"2023-11-04T00:15:39","date_gmt":"2023-11-03T23:15:39","guid":{"rendered":"http:\/\/innocentiemangonipiante.it\/citrus-kumquat-nagami\/"},"modified":"2023-11-06T17:54:05","modified_gmt":"2023-11-06T16:54:05","slug":"citrus-kumquat-nagami","status":"publish","type":"product","link":"https:\/\/innocentiemangonipiante.it\/de\/citrus-kumquat-nagami\/","title":{"rendered":"CITRUS kumquat &#8218;Nagami&#8216;"},"content":{"rendered":"<p>Immergr\u00fcner Strauch mit rundlichem bis ausladendem Wuchs. Die dunkelgr\u00fcnen Bl\u00e4tter sind eif\u00f6rmig und gl\u00e4nzend. Im Fr\u00fchjahr erbl\u00fchen wei\u00dfe Bl\u00fcten, die 2,5 &#8211; 3,5 cm lange gelb-orange eif\u00f6rmige Fr\u00fcchte hervorbringen. Die Fr\u00fcchte sind mit Schale e\u00dfbar.<\/p>\n","protected":false},"excerpt":{"rendered":"<p>Immergr\u00fcner Strauch mit rundlichem bis ausladendem Wuchs. Die dunkelgr\u00fcnen Bl\u00e4tter sind eif\u00f6rmig und gl\u00e4nzend. Im Fr\u00fchjahr erbl\u00fchen wei\u00dfe Bl\u00fcten, die 2,5 &#8211; 3,5 cm lange gelb-orange eif\u00f6rmige Fr\u00fcchte hervorbringen. Die Fr\u00fcchte sind mit Schale e\u00dfbar.<\/p>\n","protected":false},"featured_media":21404,"template":"","meta":{"_acf_changed":false},"product_brand":[],"product_cat":[8816],"product_tag":[10898,8736,8565,8751,9933],"class_list":{"0":"post-28363","1":"product","2":"type-product","3":"status-publish","4":"has-post-thumbnail","6":"product_cat-hartnaeckige-baeume-und-straeucher","7":"product_tag-naturlichen","8":"product_tag-fusstamm","9":"product_tag-halbstamm","10":"product_tag-spalier","11":"product_tag-zirkel","12":"pa_altezza-massima-300-de","13":"pa_altezza-massima-400-de","14":"pa_arte-topiaria-verfuegbar-formgehoelze","15":"pa_colore-fioritura-weis","16":"pa_condizionamento-clt-de","17":"pa_famiglia-rutaceae-de","18":"pa_genere-citrus-de","19":"pa_origine-asien","20":"pa_periodo-fioritura-juni","21":"pa_periodo-fioritura-mai-de","22":"pa_periodo-fruttificazione-oktober","23":"pa_portamento-arrotondato-de","24":"pa_profumo-intensiv","25":"pa_resistenza-climatica-pflanzen-mit-geringem-klimawiderstand","26":"pa_resistenza-del-suolo-bestandig-gegen-trockene-boden","27":"pa_utilizzo-balkone","28":"pa_utilizzo-kleine-gaerten","29":"pa_utilizzo-parks-de","31":"first","32":"instock","33":"purchasable","34":"product-type-simple"},"acf":[],"_links":{"self":[{"href":"https:\/\/innocentiemangonipiante.it\/de\/wp-json\/wp\/v2\/product\/28363","targetHints":{"allow":["GET"]}}],"collection":[{"href":"https:\/\/innocentiemangonipiante.it\/de\/wp-json\/wp\/v2\/product"}],"about":[{"href":"https:\/\/innocentiemangonipiante.it\/de\/wp-json\/wp\/v2\/types\/product"}],"wp:featuredmedia":[{"embeddable":true,"href":"https:\/\/innocentiemangonipiante.it\/de\/wp-json\/wp\/v2\/media\/21404"}],"wp:attachment":[{"href":"https:\/\/innocentiemangonipiante.it\/de\/wp-json\/wp\/v2\/media?parent=28363"}],"wp:term":[{"taxonomy":"product_brand","embeddable":true,"href":"https:\/\/innocentiemangonipiante.it\/de\/wp-json\/wp\/v2\/product_brand?post=28363"},{"taxonomy":"product_cat","embeddable":true,"href":"https:\/\/innocentiemangonipiante.it\/de\/wp-json\/wp\/v2\/product_cat?post=28363"},{"taxonomy":"product_tag","embeddable":true,"href":"https:\/\/innocentiemangonipiante.it\/de\/wp-json\/wp\/v2\/product_tag?post=28363"}],"curies":[{"name":"wp","href":"https:\/\/api.w.org\/{rel}","templated":true}]}}